{"id":3,"date":"2025-05-21T10:09:21","date_gmt":"2025-05-21T10:09:21","guid":{"rendered":"https:\/\/islandbcn.com\/?page_id=3"},"modified":"2025-06-04T16:24:40","modified_gmt":"2025-06-04T14:24:40","slug":"politica-de-privacidad","status":"publish","type":"page","link":"https:\/\/islandbcn.com\/es\/politica-de-privacidad\/","title":{"rendered":"Pol\u00edtica de privacidad"},"content":{"rendered":"<div data-elementor-type=\"wp-page\" data-elementor-id=\"3\" class=\"elementor elementor-3\" data-elementor-post-type=\"page\">\n\t\t\t\t<div class=\"wd-negative-gap elementor-element elementor-element-493eea4d e-flex e-con-boxed e-con e-parent\" data-id=\"493eea4d\" data-element_type=\"container\" data-e-type=\"container\">\n\t\t\t\t\t<div class=\"e-con-inner\">\n\t\t\t\t<div class=\"elementor-element elementor-element-16ddeddd color-scheme-inherit text-left elementor-widget elementor-widget-text-editor\" data-id=\"16ddeddd\" data-element_type=\"widget\" data-e-type=\"widget\" data-widget_type=\"text-editor.default\">\n\t\t\t\t<div class=\"elementor-widget-container\">\n\t\t\t\t\t\t\t\t\t\n<h2 class=\"wp-block-heading\">WESTSEA 2025 S. L Pol\u00edtica de Privacidad<\/h2>\n<h3>introducci\u00f3n<\/h3>\n<p>Esta pol\u00edtica de privacidad describe su visita o en <a href=\"https:\/\/islandbcn.com\/es\/\">https:\/\/www.islandbcn.com\/<\/a> C\u00f3mo recopilamos, utilizamos y compartimos su informaci\u00f3n personal al momento de realizar una compra.<\/p>\n<h3>La informaci\u00f3n Personal recopilada<\/h3>\n<h4>Informaci\u00f3n del dispositivo<\/h4>\n<p>Cuando usted visita el sitio web, nosotros recopilamos autom\u00e1ticamente informaci\u00f3n del dispositivo, incluyendo\uff1a<\/p>\n<ul>\n<li>\n<p>El tipo de navegador<\/p>\n<\/li>\n<li>\n<p>Direcci\u00f3n IP<\/p>\n<\/li>\n<li>\n<p>La zona horaria<\/p>\n<\/li>\n<li>\n<p>Las cookies instaladas<\/p>\n<\/li>\n<li>\n<p>Ver p\u00e1ginas web o la informaci\u00f3n del producto<\/p>\n<\/li>\n<li>\n<p>B\u00fasqueda de palabras clave que gu\u00eda a este sitio<\/p>\n<\/li>\n<li>\n<p>Sitio web de la interacci\u00f3n de registro<\/p>\n<\/li>\n<\/ul>\n<h4>La tecnolog\u00eda utilizada<\/h4>\n<ul>\n<li>\n<p><strong>Las Cookies\uff1a<\/strong><\/p>\n<ul>\n<li>\n<p><code>_session_id<\/code>: Almacenar la informaci\u00f3n de la sesi\u00f3n.<\/p>\n<\/li>\n<li>\n<p><code>_shopify_visit<\/code>: Registro de la visita, v\u00e1lido por 30 minutos desde la \u00faltima visita.<\/p>\n<\/li>\n<li>\n<p><code>_shopify_uniq<\/code>: \u00danica diaria recuento de visitante.<\/p>\n<\/li>\n<li>\n<p><code>carro<\/code>: Almacenar el contenido de la cesta de la compra, v\u00e1lido por 2 semanas.<\/p>\n<\/li>\n<li>\n<p><code>_secure_session_id<\/code>: Sesi\u00f3n de seguridad de la etiqueta.<\/p>\n<\/li>\n<li>\n<p><code>storefront_digest<\/code>: Se utiliza para la comprobaci\u00f3n de acceso cuando hay una contrase\u00f1a.<\/p>\n<\/li>\n<\/ul>\n<\/li>\n<li>\n<p><strong>Archivo de registro\uff1a<\/strong><\/p>\n<ul>\n<li>\n<p>Direcci\u00f3n IP, tipo de navegador, proveedor de internet, entrada\/salida de la p\u00e1gina, y de fecha y hora.<\/p>\n<\/li>\n<\/ul>\n<\/li>\n<li>\n<p><strong>Las balizas Web, etiquetas de p\u00edxeles y\uff1a<\/strong><\/p>\n<ul>\n<li>\n<p>Registro de su comportamiento de navegaci\u00f3n en el sitio web.<\/p>\n<\/li>\n<\/ul>\n<\/li>\n<\/ul>\n<h4>La informaci\u00f3n de la orden<\/h4>\n<p>Al realizar o intentar realizar una compra, recogemos la siguiente informaci\u00f3n\uff1a<\/p>\n<ul>\n<li>\n<p>nombre<\/p>\n<\/li>\n<li>\n<p>La direcci\u00f3n de facturaci\u00f3n<\/p>\n<\/li>\n<li>\n<p>Direcci\u00f3n de env\u00edo<\/p>\n<\/li>\n<li>\n<p>Informaci\u00f3n de pago (tales como informaci\u00f3n de tarjetas de cr\u00e9dito)<\/p>\n<\/li>\n<li>\n<p>buz\u00f3n<\/p>\n<\/li>\n<li>\n<p>N\u00famero de tel\u00e9fono<\/p>\n<\/li>\n<\/ul>\n<h3>Uso de la informaci\u00f3n personal<\/h3>\n<h4>La informaci\u00f3n de la orden<\/h4>\n<ul>\n<li>\n<p>Procesamiento de pedidos y pagos<\/p>\n<\/li>\n<li>\n<p>Organizar la entrega y la entrega<\/p>\n<\/li>\n<li>\n<p>Comunicarse con usted<\/p>\n<\/li>\n<li>\n<p>Detectar fraudes o riesgos potenciales<\/p>\n<\/li>\n<li>\n<p>Para proveer con productos relacionados con anuncios e informaci\u00f3n<\/p>\n<\/li>\n<\/ul>\n<h4>Informaci\u00f3n del dispositivo<\/h4>\n<ul>\n<li>\n<p>Detectar el riesgo y el fraude<\/p>\n<\/li>\n<li>\n<p>Optimizar y mejorar el sitio web<\/p>\n<\/li>\n<li>\n<p>Generar sitio web de la interacci\u00f3n y la exploraci\u00f3n de las estad\u00edsticas<\/p>\n<\/li>\n<\/ul>\n<h3>Intercambio de informaci\u00f3n personal<\/h3>\n<p>Podemos compartir su informaci\u00f3n personal con terceros, tales como\uff1a<\/p>\n<ul>\n<li>\n<p><strong>Shopify\uff1a<\/strong> <a href=\"https:\/\/www.shopify.com\/legal\/privacy\">Shopify Pol\u00edtica De Privacidad<\/a><\/p>\n<\/li>\n<li>\n<p><strong>Google Analytics\uff1a<\/strong> <a href=\"https:\/\/www.google.com\/intl\/es\/policies\/privacy\/\">Pol\u00edtica De Privacidad De Google<\/a>(Usted puede optar por<a href=\"https:\/\/tools.google.com\/dlpage\/gaoptout\">Google Analytics Opt-out<\/a>\uff09<\/p>\n<\/li>\n<\/ul>\n<p>Podemos compartir su informaci\u00f3n personal para cumplir con las leyes y reglamentos, \u00f3rdenes judiciales, o legales de las solicitudes.<\/p>\n<h3>La publicidad dirigida<\/h3>\n<p>Podemos utilizar su informaci\u00f3n para proveerle a usted con la publicidad dirigida o comunicaciones de marketing que pueden ser de inter\u00e9s para usted. Para obtener m\u00e1s informaci\u00f3n, por favor consulte<a href=\"http:\/\/www.networkadvertising.org\/understanding-online-advertising\/how-does-it-work\">NAI<\/a>\u3002<\/p>\n<p>Usted puede optar por salir de la publicidad dirigida a trav\u00e9s del siguiente enlace\uff1a<\/p>\n<ul>\n<li>\n<p><a href=\"https:\/\/www.facebook.com\/settings\/?tab=ads\">Facebook<\/a><\/p>\n<\/li>\n<li>\n<p><a href=\"https:\/\/adssettings.google.com\/authenticated?hl=es\">Google<\/a><\/p>\n<\/li>\n<li>\n<p><a href=\"https:\/\/about.ads.microsoft.com\/es-es\/recursos\/directivas\/anuncios-personalizados\">Bing<\/a><\/p>\n<\/li>\n<li>\n<p><a href=\"http:\/\/optout.aboutads.info\/\">La Alianza De Publicidad Digital<\/a><\/p>\n<\/li>\n<\/ul>\n<h3>&#034;Do not track&#034; de la se\u00f1al<\/h3>\n<p>Despu\u00e9s de recibir un &#034;do not track&#034; en la se\u00f1al de su navegador, no vamos a cambiar nuestra recopilaci\u00f3n de datos y el uso de los m\u00e9todos.<\/p>\n<h3>Derechos de los residentes Europeos<\/h3>\n<p>Si usted vive en Europa, usted tiene el derecho a acceder, corregir, actualizar o borrar su informaci\u00f3n personal. Si usted tiene alguna necesidad, por favor p\u00f3ngase en contacto con nosotros a trav\u00e9s de la siguiente informaci\u00f3n de contacto.<\/p>\n<p>Su informaci\u00f3n puede ser transferida fuera de Europa, incluyendo Canad\u00e1 y los Estados unidos.<\/p>\n<h3>Retenci\u00f3n de datos<\/h3>\n<p>La informaci\u00f3n de su pedido ser\u00e1 retenido hasta que usted nos solicite para eliminarlo.<\/p>\n<h3>menor de edad<\/h3>\n<p>Este sitio web no est\u00e1 destinado a menores de edad.<\/p>\n<h3>El cambio de pol\u00edtica<\/h3>\n<p>Podemos actualizar esta Pol\u00edtica de Privacidad peri\u00f3dicamente para adaptarse a los operativos, legales, o de cambios en la regulaci\u00f3n.<\/p>\n<h3>P\u00f3ngase en contacto con nosotros<\/h3>\n<p>Para preguntas o quejas sobre la pol\u00edtica de privacidad, por favor p\u00f3ngase en contacto con nosotros\uff1a<\/p>\n<ul>\n<li>\n<p>buz\u00f3n\uff1a<a href=\"mailto:islandbcn@gmail.com\">islandbcn@gmail.com<\/a><\/p>\n<\/li>\n<li>\n<p>Direcci\u00f3n postal: Carrer de Roger de Flor, 49, Entresuelo 2, Eixample, 08013 Barcelona<\/p>\n<\/li>\n<\/ul>\t\t\t\t\t\t\t\t<\/div>\n\t\t\t\t<\/div>\n\t\t\t\t\t<\/div>\n\t\t\t\t<\/div>\n\t\t\t\t<\/div>","protected":false},"excerpt":{"rendered":"<p>WESTSEA 2025 S.L \u9690\u79c1\u653f<\/p>","protected":false},"author":1,"featured_media":0,"parent":0,"menu_order":0,"comment_status":"closed","ping_status":"closed","template":"elementor_header_footer","meta":{"footnotes":""},"class_list":["post-3","page","type-page","status-publish","hentry"],"_links":{"self":[{"href":"https:\/\/islandbcn.com\/es\/wp-json\/wp\/v2\/pages\/3","targetHints":{"allow":["GET"]}}],"collection":[{"href":"https:\/\/islandbcn.com\/es\/wp-json\/wp\/v2\/pages"}],"about":[{"href":"https:\/\/islandbcn.com\/es\/wp-json\/wp\/v2\/types\/page"}],"author":[{"embeddable":true,"href":"https:\/\/islandbcn.com\/es\/wp-json\/wp\/v2\/users\/1"}],"replies":[{"embeddable":true,"href":"https:\/\/islandbcn.com\/es\/wp-json\/wp\/v2\/comments?post=3"}],"version-history":[{"count":12,"href":"https:\/\/islandbcn.com\/es\/wp-json\/wp\/v2\/pages\/3\/revisions"}],"predecessor-version":[{"id":30103,"href":"https:\/\/islandbcn.com\/es\/wp-json\/wp\/v2\/pages\/3\/revisions\/30103"}],"wp:attachment":[{"href":"https:\/\/islandbcn.com\/es\/wp-json\/wp\/v2\/media?parent=3"}],"curies":[{"name":"wp","href":"https:\/\/api.w.org\/{rel}","templated":true}]}}