{"id":27717,"date":"2025-05-29T16:50:10","date_gmt":"2025-05-29T14:50:10","guid":{"rendered":"https:\/\/islandbcn.com\/product\/%e6%98%8e%e6%9c%9d%e9%82%a3%e4%ba%9b%e4%ba%8b%e5%84%bf%e5%85%a8%e9%9b%86-%e5%a2%9e%e8%a1%a5%e7%89%88%ef%bc%88%e6%96%b0%e7%89%88%e5%85%a8%e5%a5%979%e5%86%8c%ef%bc%89\/"},"modified":"2025-06-04T15:26:15","modified_gmt":"2025-06-04T13:26:15","slug":"%e6%98%8e%e6%9c%9d%e9%82%a3%e4%ba%9b%e4%ba%8b%e5%84%bf%e5%85%a8%e9%9b%86-%e5%a2%9e%e8%a1%a5%e7%89%88%ef%bc%88%e6%96%b0%e7%89%88%e5%85%a8%e5%a5%979%e5%86%8c%ef%bc%89","status":"publish","type":"product","link":"https:\/\/islandbcn.com\/es\/producto\/%e6%98%8e%e6%9c%9d%e9%82%a3%e4%ba%9b%e4%ba%8b%e5%84%bf%e5%85%a8%e9%9b%86-%e5%a2%9e%e8%a1%a5%e7%89%88%ef%bc%88%e6%96%b0%e7%89%88%e5%85%a8%e5%a5%979%e5%86%8c%ef%bc%89\/","title":{"rendered":"Edici\u00f3n suplementaria de las obras completas de los cuentos de la dinast\u00eda Ming (nueva edici\u00f3n, conjunto completo de 9 vol\u00famenes)"},"content":{"rendered":"","protected":false},"excerpt":{"rendered":"","protected":false},"featured_media":29655,"comment_status":"open","ping_status":"closed","template":"","meta":[],"product_brand":[],"product_cat":[77],"product_tag":[],"class_list":{"0":"post-27717","1":"product","2":"type-product","3":"status-publish","4":"has-post-thumbnail","6":"product_cat-77","8":"first","9":"instock","10":"taxable","11":"shipping-taxable","12":"purchasable","13":"product-type-simple"},"_links":{"self":[{"href":"https:\/\/islandbcn.com\/es\/wp-json\/wp\/v2\/product\/27717","targetHints":{"allow":["GET"]}}],"collection":[{"href":"https:\/\/islandbcn.com\/es\/wp-json\/wp\/v2\/product"}],"about":[{"href":"https:\/\/islandbcn.com\/es\/wp-json\/wp\/v2\/types\/product"}],"replies":[{"embeddable":true,"href":"https:\/\/islandbcn.com\/es\/wp-json\/wp\/v2\/comments?post=27717"}],"version-history":[{"count":0,"href":"https:\/\/islandbcn.com\/es\/wp-json\/wp\/v2\/product\/27717\/revisions"}],"wp:featuredmedia":[{"embeddable":true,"href":"https:\/\/islandbcn.com\/es\/wp-json\/wp\/v2\/media\/29655"}],"wp:attachment":[{"href":"https:\/\/islandbcn.com\/es\/wp-json\/wp\/v2\/media?parent=27717"}],"wp:term":[{"taxonomy":"product_brand","embeddable":true,"href":"https:\/\/islandbcn.com\/es\/wp-json\/wp\/v2\/product_brand?post=27717"},{"taxonomy":"product_cat","embeddable":true,"href":"https:\/\/islandbcn.com\/es\/wp-json\/wp\/v2\/product_cat?post=27717"},{"taxonomy":"product_tag","embeddable":true,"href":"https:\/\/islandbcn.com\/es\/wp-json\/wp\/v2\/product_tag?post=27717"}],"curies":[{"name":"wp","href":"https:\/\/api.w.org\/{rel}","templated":true}]}}