{"id":27718,"date":"2025-05-29T16:50:10","date_gmt":"2025-05-29T14:50:10","guid":{"rendered":"https:\/\/islandbcn.com\/product\/%e8%a5%bf%e5%8d%97%e8%81%94%e5%a4%a7%e9%80%9a%e8%af%86%e8%af%be%e5%85%a87%e5%86%8c%e5%a5%97%e8%a3%85%e9%a3%9e%e6%9c%ba%e7%9b%92%e8%b5%a0%e5%93%81\/"},"modified":"2025-06-04T15:26:15","modified_gmt":"2025-06-04T13:26:15","slug":"%e8%a5%bf%e5%8d%97%e8%81%94%e5%a4%a7%e9%80%9a%e8%af%86%e8%af%be%e5%85%a87%e5%86%8c%e5%a5%97%e8%a3%85%e9%a3%9e%e6%9c%ba%e7%9b%92%e8%b5%a0%e5%93%81","status":"publish","type":"product","link":"https:\/\/islandbcn.com\/es\/producto\/%e8%a5%bf%e5%8d%97%e8%81%94%e5%a4%a7%e9%80%9a%e8%af%86%e8%af%be%e5%85%a87%e5%86%8c%e5%a5%97%e8%a3%85%e9%a3%9e%e6%9c%ba%e7%9b%92%e8%b5%a0%e5%93%81\/","title":{"rendered":"Curso de Educaci\u00f3n General de la Universidad Asociada del Suroeste, conjunto completo de 7 vol\u00famenes, caja de regalo para avi\u00f3n"},"content":{"rendered":"","protected":false},"excerpt":{"rendered":"","protected":false},"featured_media":29588,"comment_status":"open","ping_status":"closed","template":"","meta":[],"product_brand":[],"product_cat":[77],"product_tag":[],"class_list":{"0":"post-27718","1":"product","2":"type-product","3":"status-publish","4":"has-post-thumbnail","6":"product_cat-77","8":"first","9":"instock","10":"taxable","11":"shipping-taxable","12":"purchasable","13":"product-type-simple"},"_links":{"self":[{"href":"https:\/\/islandbcn.com\/es\/wp-json\/wp\/v2\/product\/27718","targetHints":{"allow":["GET"]}}],"collection":[{"href":"https:\/\/islandbcn.com\/es\/wp-json\/wp\/v2\/product"}],"about":[{"href":"https:\/\/islandbcn.com\/es\/wp-json\/wp\/v2\/types\/product"}],"replies":[{"embeddable":true,"href":"https:\/\/islandbcn.com\/es\/wp-json\/wp\/v2\/comments?post=27718"}],"version-history":[{"count":0,"href":"https:\/\/islandbcn.com\/es\/wp-json\/wp\/v2\/product\/27718\/revisions"}],"wp:featuredmedia":[{"embeddable":true,"href":"https:\/\/islandbcn.com\/es\/wp-json\/wp\/v2\/media\/29588"}],"wp:attachment":[{"href":"https:\/\/islandbcn.com\/es\/wp-json\/wp\/v2\/media?parent=27718"}],"wp:term":[{"taxonomy":"product_brand","embeddable":true,"href":"https:\/\/islandbcn.com\/es\/wp-json\/wp\/v2\/product_brand?post=27718"},{"taxonomy":"product_cat","embeddable":true,"href":"https:\/\/islandbcn.com\/es\/wp-json\/wp\/v2\/product_cat?post=27718"},{"taxonomy":"product_tag","embeddable":true,"href":"https:\/\/islandbcn.com\/es\/wp-json\/wp\/v2\/product_tag?post=27718"}],"curies":[{"name":"wp","href":"https:\/\/api.w.org\/{rel}","templated":true}]}}