{"id":27722,"date":"2025-05-29T16:50:10","date_gmt":"2025-05-29T14:50:10","guid":{"rendered":"https:\/\/islandbcn.com\/product\/%e5%a4%a7%e5%94%90%e5%85%b4%e4%ba%a1%e4%b8%89%e7%99%be%e5%b9%b4-%e5%85%a87%e5%86%8c-%e8%b5%a0%e5%93%81%e7%89%88\/"},"modified":"2025-06-04T15:26:15","modified_gmt":"2025-06-04T13:26:15","slug":"%e5%a4%a7%e5%94%90%e5%85%b4%e4%ba%a1%e4%b8%89%e7%99%be%e5%b9%b4-%e5%85%a87%e5%86%8c-%e8%b5%a0%e5%93%81%e7%89%88","status":"publish","type":"product","link":"https:\/\/islandbcn.com\/es\/producto\/%e5%a4%a7%e5%94%90%e5%85%b4%e4%ba%a1%e4%b8%89%e7%99%be%e5%b9%b4-%e5%85%a87%e5%86%8c-%e8%b5%a0%e5%93%81%e7%89%88\/","title":{"rendered":"El ascenso y la ca\u00edda de la dinast\u00eda Tang: trescientos a\u00f1os (7 vol\u00famenes) con edici\u00f3n adicional"},"content":{"rendered":"","protected":false},"excerpt":{"rendered":"","protected":false},"featured_media":29613,"comment_status":"open","ping_status":"closed","template":"","meta":[],"product_brand":[],"product_cat":[77],"product_tag":[],"class_list":{"0":"post-27722","1":"product","2":"type-product","3":"status-publish","4":"has-post-thumbnail","6":"product_cat-77","8":"first","9":"instock","10":"taxable","11":"shipping-taxable","12":"purchasable","13":"product-type-simple"},"_links":{"self":[{"href":"https:\/\/islandbcn.com\/es\/wp-json\/wp\/v2\/product\/27722","targetHints":{"allow":["GET"]}}],"collection":[{"href":"https:\/\/islandbcn.com\/es\/wp-json\/wp\/v2\/product"}],"about":[{"href":"https:\/\/islandbcn.com\/es\/wp-json\/wp\/v2\/types\/product"}],"replies":[{"embeddable":true,"href":"https:\/\/islandbcn.com\/es\/wp-json\/wp\/v2\/comments?post=27722"}],"version-history":[{"count":0,"href":"https:\/\/islandbcn.com\/es\/wp-json\/wp\/v2\/product\/27722\/revisions"}],"wp:featuredmedia":[{"embeddable":true,"href":"https:\/\/islandbcn.com\/es\/wp-json\/wp\/v2\/media\/29613"}],"wp:attachment":[{"href":"https:\/\/islandbcn.com\/es\/wp-json\/wp\/v2\/media?parent=27722"}],"wp:term":[{"taxonomy":"product_brand","embeddable":true,"href":"https:\/\/islandbcn.com\/es\/wp-json\/wp\/v2\/product_brand?post=27722"},{"taxonomy":"product_cat","embeddable":true,"href":"https:\/\/islandbcn.com\/es\/wp-json\/wp\/v2\/product_cat?post=27722"},{"taxonomy":"product_tag","embeddable":true,"href":"https:\/\/islandbcn.com\/es\/wp-json\/wp\/v2\/product_tag?post=27722"}],"curies":[{"name":"wp","href":"https:\/\/api.w.org\/{rel}","templated":true}]}}