{"id":27894,"date":"2025-05-29T16:50:20","date_gmt":"2025-05-29T14:50:20","guid":{"rendered":"https:\/\/islandbcn.com\/product\/%e6%88%91%e7%8b%ac%e8%87%aa%e7%a9%bf%e8%b6%8a%e6%b2%99%e6%bc%a0%ef%bc%8c%e9%a2%86%e6%82%9f%e4%ba%86%e5%ae%89%e5%85%a8%e6%84%9f%e5%92%8c%e8%87%aa%e7%94%b1\/"},"modified":"2025-06-04T15:26:26","modified_gmt":"2025-06-04T13:26:26","slug":"%e6%88%91%e7%8b%ac%e8%87%aa%e7%a9%bf%e8%b6%8a%e6%b2%99%e6%bc%a0%ef%bc%8c%e9%a2%86%e6%82%9f%e4%ba%86%e5%ae%89%e5%85%a8%e6%84%9f%e5%92%8c%e8%87%aa%e7%94%b1","status":"publish","type":"product","link":"https:\/\/islandbcn.com\/es\/producto\/%e6%88%91%e7%8b%ac%e8%87%aa%e7%a9%bf%e8%b6%8a%e6%b2%99%e6%bc%a0%ef%bc%8c%e9%a2%86%e6%82%9f%e4%ba%86%e5%ae%89%e5%85%a8%e6%84%9f%e5%92%8c%e8%87%aa%e7%94%b1\/","title":{"rendered":"Camin\u00e9 solo por el desierto y aprend\u00ed una sensaci\u00f3n de seguridad y libertad."},"content":{"rendered":"","protected":false},"excerpt":{"rendered":"","protected":false},"featured_media":29717,"comment_status":"open","ping_status":"closed","template":"","meta":[],"product_brand":[],"product_cat":[80],"product_tag":[],"class_list":{"0":"post-27894","1":"product","2":"type-product","3":"status-publish","4":"has-post-thumbnail","6":"product_cat-80","8":"first","9":"instock","10":"taxable","11":"shipping-taxable","12":"purchasable","13":"product-type-simple"},"_links":{"self":[{"href":"https:\/\/islandbcn.com\/es\/wp-json\/wp\/v2\/product\/27894","targetHints":{"allow":["GET"]}}],"collection":[{"href":"https:\/\/islandbcn.com\/es\/wp-json\/wp\/v2\/product"}],"about":[{"href":"https:\/\/islandbcn.com\/es\/wp-json\/wp\/v2\/types\/product"}],"replies":[{"embeddable":true,"href":"https:\/\/islandbcn.com\/es\/wp-json\/wp\/v2\/comments?post=27894"}],"version-history":[{"count":0,"href":"https:\/\/islandbcn.com\/es\/wp-json\/wp\/v2\/product\/27894\/revisions"}],"wp:featuredmedia":[{"embeddable":true,"href":"https:\/\/islandbcn.com\/es\/wp-json\/wp\/v2\/media\/29717"}],"wp:attachment":[{"href":"https:\/\/islandbcn.com\/es\/wp-json\/wp\/v2\/media?parent=27894"}],"wp:term":[{"taxonomy":"product_brand","embeddable":true,"href":"https:\/\/islandbcn.com\/es\/wp-json\/wp\/v2\/product_brand?post=27894"},{"taxonomy":"product_cat","embeddable":true,"href":"https:\/\/islandbcn.com\/es\/wp-json\/wp\/v2\/product_cat?post=27894"},{"taxonomy":"product_tag","embeddable":true,"href":"https:\/\/islandbcn.com\/es\/wp-json\/wp\/v2\/product_tag?post=27894"}],"curies":[{"name":"wp","href":"https:\/\/api.w.org\/{rel}","templated":true}]}}