{"id":27907,"date":"2025-05-29T16:50:21","date_gmt":"2025-05-29T14:50:21","guid":{"rendered":"https:\/\/islandbcn.com\/product\/%e5%a4%a7%e7%ba%b5%e6%b7%b1%e6%88%98%e5%bd%b9%e7%90%86%e8%ae%ba-%e7%bb%9d%e7%89%88\/"},"modified":"2025-06-04T15:26:27","modified_gmt":"2025-06-04T13:26:27","slug":"%e5%a4%a7%e7%ba%b5%e6%b7%b1%e6%88%98%e5%bd%b9%e7%90%86%e8%ae%ba-%e7%bb%9d%e7%89%88","status":"publish","type":"product","link":"https:\/\/islandbcn.com\/es\/producto\/%e5%a4%a7%e7%ba%b5%e6%b7%b1%e6%88%98%e5%bd%b9%e7%90%86%e8%ae%ba-%e7%bb%9d%e7%89%88\/","title":{"rendered":"La campa\u00f1a Teor\u00eda de la Gran Profundidad est\u00e1 agotada"},"content":{"rendered":"","protected":false},"excerpt":{"rendered":"","protected":false},"featured_media":29635,"comment_status":"open","ping_status":"closed","template":"","meta":[],"product_brand":[],"product_cat":[80],"product_tag":[],"class_list":{"0":"post-27907","1":"product","2":"type-product","3":"status-publish","4":"has-post-thumbnail","6":"product_cat-80","8":"first","9":"instock","10":"taxable","11":"shipping-taxable","12":"purchasable","13":"product-type-simple"},"_links":{"self":[{"href":"https:\/\/islandbcn.com\/es\/wp-json\/wp\/v2\/product\/27907","targetHints":{"allow":["GET"]}}],"collection":[{"href":"https:\/\/islandbcn.com\/es\/wp-json\/wp\/v2\/product"}],"about":[{"href":"https:\/\/islandbcn.com\/es\/wp-json\/wp\/v2\/types\/product"}],"replies":[{"embeddable":true,"href":"https:\/\/islandbcn.com\/es\/wp-json\/wp\/v2\/comments?post=27907"}],"version-history":[{"count":0,"href":"https:\/\/islandbcn.com\/es\/wp-json\/wp\/v2\/product\/27907\/revisions"}],"wp:featuredmedia":[{"embeddable":true,"href":"https:\/\/islandbcn.com\/es\/wp-json\/wp\/v2\/media\/29635"}],"wp:attachment":[{"href":"https:\/\/islandbcn.com\/es\/wp-json\/wp\/v2\/media?parent=27907"}],"wp:term":[{"taxonomy":"product_brand","embeddable":true,"href":"https:\/\/islandbcn.com\/es\/wp-json\/wp\/v2\/product_brand?post=27907"},{"taxonomy":"product_cat","embeddable":true,"href":"https:\/\/islandbcn.com\/es\/wp-json\/wp\/v2\/product_cat?post=27907"},{"taxonomy":"product_tag","embeddable":true,"href":"https:\/\/islandbcn.com\/es\/wp-json\/wp\/v2\/product_tag?post=27907"}],"curies":[{"name":"wp","href":"https:\/\/api.w.org\/{rel}","templated":true}]}}