{"id":27971,"date":"2025-05-29T16:50:24","date_gmt":"2025-05-29T14:50:24","guid":{"rendered":"https:\/\/islandbcn.com\/product\/%e6%ac%ba%e8%b4%9f%e5%88%ab%e7%9a%84%e5%ad%a9%e5%ad%90%e6%97%b6%ef%bc%8c%e4%bb%96%e4%bb%ac%e5%9c%a8%e6%83%b3%e4%bb%80%e4%b9%88\/"},"modified":"2025-06-04T15:26:31","modified_gmt":"2025-06-04T13:26:31","slug":"%e6%ac%ba%e8%b4%9f%e5%88%ab%e7%9a%84%e5%ad%a9%e5%ad%90%e6%97%b6%ef%bc%8c%e4%bb%96%e4%bb%ac%e5%9c%a8%e6%83%b3%e4%bb%80%e4%b9%88","status":"publish","type":"product","link":"https:\/\/islandbcn.com\/es\/producto\/%e6%ac%ba%e8%b4%9f%e5%88%ab%e7%9a%84%e5%ad%a9%e5%ad%90%e6%97%b6%ef%bc%8c%e4%bb%96%e4%bb%ac%e5%9c%a8%e6%83%b3%e4%bb%80%e4%b9%88\/","title":{"rendered":"\u00bfQu\u00e9 piensan los ni\u00f1os cuando intimidan a otros ni\u00f1os?"},"content":{"rendered":"","protected":false},"excerpt":{"rendered":"","protected":false},"featured_media":29796,"comment_status":"open","ping_status":"closed","template":"","meta":[],"product_brand":[],"product_cat":[81],"product_tag":[],"class_list":{"0":"post-27971","1":"product","2":"type-product","3":"status-publish","4":"has-post-thumbnail","6":"product_cat-81","8":"first","9":"instock","10":"taxable","11":"shipping-taxable","12":"purchasable","13":"product-type-simple"},"_links":{"self":[{"href":"https:\/\/islandbcn.com\/es\/wp-json\/wp\/v2\/product\/27971","targetHints":{"allow":["GET"]}}],"collection":[{"href":"https:\/\/islandbcn.com\/es\/wp-json\/wp\/v2\/product"}],"about":[{"href":"https:\/\/islandbcn.com\/es\/wp-json\/wp\/v2\/types\/product"}],"replies":[{"embeddable":true,"href":"https:\/\/islandbcn.com\/es\/wp-json\/wp\/v2\/comments?post=27971"}],"version-history":[{"count":0,"href":"https:\/\/islandbcn.com\/es\/wp-json\/wp\/v2\/product\/27971\/revisions"}],"wp:featuredmedia":[{"embeddable":true,"href":"https:\/\/islandbcn.com\/es\/wp-json\/wp\/v2\/media\/29796"}],"wp:attachment":[{"href":"https:\/\/islandbcn.com\/es\/wp-json\/wp\/v2\/media?parent=27971"}],"wp:term":[{"taxonomy":"product_brand","embeddable":true,"href":"https:\/\/islandbcn.com\/es\/wp-json\/wp\/v2\/product_brand?post=27971"},{"taxonomy":"product_cat","embeddable":true,"href":"https:\/\/islandbcn.com\/es\/wp-json\/wp\/v2\/product_cat?post=27971"},{"taxonomy":"product_tag","embeddable":true,"href":"https:\/\/islandbcn.com\/es\/wp-json\/wp\/v2\/product_tag?post=27971"}],"curies":[{"name":"wp","href":"https:\/\/api.w.org\/{rel}","templated":true}]}}