{"id":28046,"date":"2025-05-29T16:50:29","date_gmt":"2025-05-29T14:50:29","guid":{"rendered":"https:\/\/islandbcn.com\/product\/%e6%b1%89%e9%ad%8f%e5%85%ad%e6%9c%9d%e8%af%97%e9%89%b4%e8%b5%8f%e8%be%9e%e5%85%b8-%e7%b2%be%e8%a3%85\/"},"modified":"2025-06-04T15:20:19","modified_gmt":"2025-06-04T13:20:19","slug":"%e6%b1%89%e9%ad%8f%e5%85%ad%e6%9c%9d%e8%af%97%e9%89%b4%e8%b5%8f%e8%be%9e%e5%85%b8-%e7%b2%be%e8%a3%85","status":"publish","type":"product","link":"https:\/\/islandbcn.com\/es\/producto\/%e6%b1%89%e9%ad%8f%e5%85%ad%e6%9c%9d%e8%af%97%e9%89%b4%e8%b5%8f%e8%be%9e%e5%85%b8-%e7%b2%be%e8%a3%85\/","title":{"rendered":"Un diccionario de apreciaci\u00f3n de la poes\u00eda de las dinast\u00edas Han, Wei y Seis Dinast\u00edas"},"content":{"rendered":"","protected":false},"excerpt":{"rendered":"","protected":false},"featured_media":29057,"comment_status":"open","ping_status":"closed","template":"","meta":[],"product_brand":[],"product_cat":[82],"product_tag":[],"class_list":{"0":"post-28046","1":"product","2":"type-product","3":"status-publish","4":"has-post-thumbnail","6":"product_cat-82","8":"first","9":"instock","10":"taxable","11":"shipping-taxable","12":"purchasable","13":"product-type-simple"},"_links":{"self":[{"href":"https:\/\/islandbcn.com\/es\/wp-json\/wp\/v2\/product\/28046","targetHints":{"allow":["GET"]}}],"collection":[{"href":"https:\/\/islandbcn.com\/es\/wp-json\/wp\/v2\/product"}],"about":[{"href":"https:\/\/islandbcn.com\/es\/wp-json\/wp\/v2\/types\/product"}],"replies":[{"embeddable":true,"href":"https:\/\/islandbcn.com\/es\/wp-json\/wp\/v2\/comments?post=28046"}],"version-history":[{"count":0,"href":"https:\/\/islandbcn.com\/es\/wp-json\/wp\/v2\/product\/28046\/revisions"}],"wp:featuredmedia":[{"embeddable":true,"href":"https:\/\/islandbcn.com\/es\/wp-json\/wp\/v2\/media\/29057"}],"wp:attachment":[{"href":"https:\/\/islandbcn.com\/es\/wp-json\/wp\/v2\/media?parent=28046"}],"wp:term":[{"taxonomy":"product_brand","embeddable":true,"href":"https:\/\/islandbcn.com\/es\/wp-json\/wp\/v2\/product_brand?post=28046"},{"taxonomy":"product_cat","embeddable":true,"href":"https:\/\/islandbcn.com\/es\/wp-json\/wp\/v2\/product_cat?post=28046"},{"taxonomy":"product_tag","embeddable":true,"href":"https:\/\/islandbcn.com\/es\/wp-json\/wp\/v2\/product_tag?post=28046"}],"curies":[{"name":"wp","href":"https:\/\/api.w.org\/{rel}","templated":true}]}}