{"id":28105,"date":"2025-05-29T16:50:32","date_gmt":"2025-05-29T14:50:32","guid":{"rendered":"https:\/\/islandbcn.com\/product\/%e5%b0%8f%e5%9b%a2%e5%9c%86-%e4%b8%93%e8%91%97\/"},"modified":"2025-10-25T23:17:36","modified_gmt":"2025-10-25T21:17:36","slug":"%e5%b0%8f%e5%9b%a2%e5%9c%86-%e4%b8%93%e8%91%97","status":"publish","type":"product","link":"https:\/\/islandbcn.com\/es\/producto\/%e5%b0%8f%e5%9b%a2%e5%9c%86-%e4%b8%93%e8%91%97\/","title":{"rendered":"Monograf\u00eda de la Peque\u00f1a Reuni\u00f3n"},"content":{"rendered":"","protected":false},"excerpt":{"rendered":"","protected":false},"featured_media":29025,"comment_status":"open","ping_status":"closed","template":"","meta":[],"product_brand":[],"product_cat":[82],"product_tag":[],"class_list":{"0":"post-28105","1":"product","2":"type-product","3":"status-publish","4":"has-post-thumbnail","6":"product_cat-82","8":"first","9":"outofstock","10":"taxable","11":"shipping-taxable","12":"purchasable","13":"product-type-simple"},"_links":{"self":[{"href":"https:\/\/islandbcn.com\/es\/wp-json\/wp\/v2\/product\/28105","targetHints":{"allow":["GET"]}}],"collection":[{"href":"https:\/\/islandbcn.com\/es\/wp-json\/wp\/v2\/product"}],"about":[{"href":"https:\/\/islandbcn.com\/es\/wp-json\/wp\/v2\/types\/product"}],"replies":[{"embeddable":true,"href":"https:\/\/islandbcn.com\/es\/wp-json\/wp\/v2\/comments?post=28105"}],"version-history":[{"count":1,"href":"https:\/\/islandbcn.com\/es\/wp-json\/wp\/v2\/product\/28105\/revisions"}],"predecessor-version":[{"id":31767,"href":"https:\/\/islandbcn.com\/es\/wp-json\/wp\/v2\/product\/28105\/revisions\/31767"}],"wp:featuredmedia":[{"embeddable":true,"href":"https:\/\/islandbcn.com\/es\/wp-json\/wp\/v2\/media\/29025"}],"wp:attachment":[{"href":"https:\/\/islandbcn.com\/es\/wp-json\/wp\/v2\/media?parent=28105"}],"wp:term":[{"taxonomy":"product_brand","embeddable":true,"href":"https:\/\/islandbcn.com\/es\/wp-json\/wp\/v2\/product_brand?post=28105"},{"taxonomy":"product_cat","embeddable":true,"href":"https:\/\/islandbcn.com\/es\/wp-json\/wp\/v2\/product_cat?post=28105"},{"taxonomy":"product_tag","embeddable":true,"href":"https:\/\/islandbcn.com\/es\/wp-json\/wp\/v2\/product_tag?post=28105"}],"curies":[{"name":"wp","href":"https:\/\/api.w.org\/{rel}","templated":true}]}}