{"id":28207,"date":"2025-05-29T16:50:37","date_gmt":"2025-05-29T14:50:37","guid":{"rendered":"https:\/\/islandbcn.com\/product\/%e7%90%86%e8%ae%ba%e7%9a%84%e5%b9%bd%e7%81%b5-%e6%96%87%e5%ad%a6%e4%b8%8e%e5%b8%b8%e8%af%86-%e5%b9%b3%e8%a3%85\/"},"modified":"2025-06-04T15:20:30","modified_gmt":"2025-06-04T13:20:30","slug":"%e7%90%86%e8%ae%ba%e7%9a%84%e5%b9%bd%e7%81%b5-%e6%96%87%e5%ad%a6%e4%b8%8e%e5%b8%b8%e8%af%86-%e5%b9%b3%e8%a3%85","status":"publish","type":"product","link":"https:\/\/islandbcn.com\/es\/producto\/%e7%90%86%e8%ae%ba%e7%9a%84%e5%b9%bd%e7%81%b5-%e6%96%87%e5%ad%a6%e4%b8%8e%e5%b8%b8%e8%af%86-%e5%b9%b3%e8%a3%85\/","title":{"rendered":"El fantasma de la teor\u00eda: literatura y sentido com\u00fan (edici\u00f3n de bolsillo)"},"content":{"rendered":"","protected":false},"excerpt":{"rendered":"","protected":false},"featured_media":29005,"comment_status":"open","ping_status":"closed","template":"","meta":[],"product_brand":[],"product_cat":[82],"product_tag":[],"class_list":{"0":"post-28207","1":"product","2":"type-product","3":"status-publish","4":"has-post-thumbnail","6":"product_cat-82","8":"first","9":"instock","10":"taxable","11":"shipping-taxable","12":"purchasable","13":"product-type-simple"},"_links":{"self":[{"href":"https:\/\/islandbcn.com\/es\/wp-json\/wp\/v2\/product\/28207","targetHints":{"allow":["GET"]}}],"collection":[{"href":"https:\/\/islandbcn.com\/es\/wp-json\/wp\/v2\/product"}],"about":[{"href":"https:\/\/islandbcn.com\/es\/wp-json\/wp\/v2\/types\/product"}],"replies":[{"embeddable":true,"href":"https:\/\/islandbcn.com\/es\/wp-json\/wp\/v2\/comments?post=28207"}],"version-history":[{"count":0,"href":"https:\/\/islandbcn.com\/es\/wp-json\/wp\/v2\/product\/28207\/revisions"}],"wp:featuredmedia":[{"embeddable":true,"href":"https:\/\/islandbcn.com\/es\/wp-json\/wp\/v2\/media\/29005"}],"wp:attachment":[{"href":"https:\/\/islandbcn.com\/es\/wp-json\/wp\/v2\/media?parent=28207"}],"wp:term":[{"taxonomy":"product_brand","embeddable":true,"href":"https:\/\/islandbcn.com\/es\/wp-json\/wp\/v2\/product_brand?post=28207"},{"taxonomy":"product_cat","embeddable":true,"href":"https:\/\/islandbcn.com\/es\/wp-json\/wp\/v2\/product_cat?post=28207"},{"taxonomy":"product_tag","embeddable":true,"href":"https:\/\/islandbcn.com\/es\/wp-json\/wp\/v2\/product_tag?post=28207"}],"curies":[{"name":"wp","href":"https:\/\/api.w.org\/{rel}","templated":true}]}}