{"id":28287,"date":"2025-05-29T16:50:41","date_gmt":"2025-05-29T14:50:41","guid":{"rendered":"https:\/\/islandbcn.com\/product\/%e9%a3%98-%e5%85%a86%e5%86%8c%ef%bc%88%e5%82%85%e4%b8%9c%e5%8d%8e%e7%bb%8f%e5%85%b8%e8%af%91%e6%9c%ac%ef%bc%89\/"},"modified":"2025-06-04T15:20:35","modified_gmt":"2025-06-04T13:20:35","slug":"%e9%a3%98-%e5%85%a86%e5%86%8c%ef%bc%88%e5%82%85%e4%b8%9c%e5%8d%8e%e7%bb%8f%e5%85%b8%e8%af%91%e6%9c%ac%ef%bc%89","status":"publish","type":"product","link":"https:\/\/islandbcn.com\/es\/producto\/%e9%a3%98-%e5%85%a86%e5%86%8c%ef%bc%88%e5%82%85%e4%b8%9c%e5%8d%8e%e7%bb%8f%e5%85%b8%e8%af%91%e6%9c%ac%ef%bc%89\/","title":{"rendered":"Lo que el viento se llev\u00f3 (Traducci\u00f3n cl\u00e1sica de Fu Donghua)"},"content":{"rendered":"","protected":false},"excerpt":{"rendered":"","protected":false},"featured_media":29134,"comment_status":"open","ping_status":"closed","template":"","meta":[],"product_brand":[],"product_cat":[82],"product_tag":[],"class_list":{"0":"post-28287","1":"product","2":"type-product","3":"status-publish","4":"has-post-thumbnail","6":"product_cat-82","8":"first","9":"instock","10":"taxable","11":"shipping-taxable","12":"purchasable","13":"product-type-simple"},"_links":{"self":[{"href":"https:\/\/islandbcn.com\/es\/wp-json\/wp\/v2\/product\/28287","targetHints":{"allow":["GET"]}}],"collection":[{"href":"https:\/\/islandbcn.com\/es\/wp-json\/wp\/v2\/product"}],"about":[{"href":"https:\/\/islandbcn.com\/es\/wp-json\/wp\/v2\/types\/product"}],"replies":[{"embeddable":true,"href":"https:\/\/islandbcn.com\/es\/wp-json\/wp\/v2\/comments?post=28287"}],"version-history":[{"count":0,"href":"https:\/\/islandbcn.com\/es\/wp-json\/wp\/v2\/product\/28287\/revisions"}],"wp:featuredmedia":[{"embeddable":true,"href":"https:\/\/islandbcn.com\/es\/wp-json\/wp\/v2\/media\/29134"}],"wp:attachment":[{"href":"https:\/\/islandbcn.com\/es\/wp-json\/wp\/v2\/media?parent=28287"}],"wp:term":[{"taxonomy":"product_brand","embeddable":true,"href":"https:\/\/islandbcn.com\/es\/wp-json\/wp\/v2\/product_brand?post=28287"},{"taxonomy":"product_cat","embeddable":true,"href":"https:\/\/islandbcn.com\/es\/wp-json\/wp\/v2\/product_cat?post=28287"},{"taxonomy":"product_tag","embeddable":true,"href":"https:\/\/islandbcn.com\/es\/wp-json\/wp\/v2\/product_tag?post=28287"}],"curies":[{"name":"wp","href":"https:\/\/api.w.org\/{rel}","templated":true}]}}