{"id":28547,"date":"2025-05-29T16:50:54","date_gmt":"2025-05-29T14:50:54","guid":{"rendered":"https:\/\/islandbcn.com\/product\/%e5%87%a1%e5%b0%94%e7%ba%b3%e7%a7%91%e5%b9%bb%e7%bb%8f%e5%85%b8-%e5%85%a89%e5%86%8c\/"},"modified":"2025-06-04T15:31:31","modified_gmt":"2025-06-04T13:31:31","slug":"%e5%87%a1%e5%b0%94%e7%ba%b3%e7%a7%91%e5%b9%bb%e7%bb%8f%e5%85%b8-%e5%85%a89%e5%86%8c","status":"publish","type":"product","link":"https:\/\/islandbcn.com\/es\/producto\/%e5%87%a1%e5%b0%94%e7%ba%b3%e7%a7%91%e5%b9%bb%e7%bb%8f%e5%85%b8-%e5%85%a89%e5%86%8c\/","title":{"rendered":"Cl\u00e1sicos de ciencia ficci\u00f3n de Julio Verne (9 vol\u00famenes)"},"content":{"rendered":"","protected":false},"excerpt":{"rendered":"","protected":false},"featured_media":29973,"comment_status":"open","ping_status":"closed","template":"","meta":[],"product_brand":[],"product_cat":[83],"product_tag":[],"class_list":{"0":"post-28547","1":"product","2":"type-product","3":"status-publish","4":"has-post-thumbnail","6":"product_cat-83","8":"first","9":"instock","10":"taxable","11":"shipping-taxable","12":"purchasable","13":"product-type-simple"},"_links":{"self":[{"href":"https:\/\/islandbcn.com\/es\/wp-json\/wp\/v2\/product\/28547","targetHints":{"allow":["GET"]}}],"collection":[{"href":"https:\/\/islandbcn.com\/es\/wp-json\/wp\/v2\/product"}],"about":[{"href":"https:\/\/islandbcn.com\/es\/wp-json\/wp\/v2\/types\/product"}],"replies":[{"embeddable":true,"href":"https:\/\/islandbcn.com\/es\/wp-json\/wp\/v2\/comments?post=28547"}],"version-history":[{"count":0,"href":"https:\/\/islandbcn.com\/es\/wp-json\/wp\/v2\/product\/28547\/revisions"}],"wp:featuredmedia":[{"embeddable":true,"href":"https:\/\/islandbcn.com\/es\/wp-json\/wp\/v2\/media\/29973"}],"wp:attachment":[{"href":"https:\/\/islandbcn.com\/es\/wp-json\/wp\/v2\/media?parent=28547"}],"wp:term":[{"taxonomy":"product_brand","embeddable":true,"href":"https:\/\/islandbcn.com\/es\/wp-json\/wp\/v2\/product_brand?post=28547"},{"taxonomy":"product_cat","embeddable":true,"href":"https:\/\/islandbcn.com\/es\/wp-json\/wp\/v2\/product_cat?post=28547"},{"taxonomy":"product_tag","embeddable":true,"href":"https:\/\/islandbcn.com\/es\/wp-json\/wp\/v2\/product_tag?post=28547"}],"curies":[{"name":"wp","href":"https:\/\/api.w.org\/{rel}","templated":true}]}}