{"id":28663,"date":"2025-05-29T16:51:00","date_gmt":"2025-05-29T14:51:00","guid":{"rendered":"https:\/\/islandbcn.com\/product\/%e9%9b%85%e8%b4%bc%e5%85%a8%e9%9b%86%e7%b2%be%e8%a3%85%e5%85%b8%e8%97%8f%e7%89%88-%e5%85%a811%e5%86%8c\/"},"modified":"2025-06-04T15:31:38","modified_gmt":"2025-06-04T13:31:38","slug":"%e9%9b%85%e8%b4%bc%e5%85%a8%e9%9b%86%e7%b2%be%e8%a3%85%e5%85%b8%e8%97%8f%e7%89%88-%e5%85%a811%e5%86%8c","status":"publish","type":"product","link":"https:\/\/islandbcn.com\/es\/producto\/%e9%9b%85%e8%b4%bc%e5%85%a8%e9%9b%86%e7%b2%be%e8%a3%85%e5%85%b8%e8%97%8f%e7%89%88-%e5%85%a811%e5%86%8c\/","title":{"rendered":"Las obras completas del ladr\u00f3n elegante - Edici\u00f3n Deluxe (11 vol\u00famenes)"},"content":{"rendered":"","protected":false},"excerpt":{"rendered":"","protected":false},"featured_media":29860,"comment_status":"open","ping_status":"closed","template":"","meta":[],"product_brand":[],"product_cat":[83],"product_tag":[],"class_list":{"0":"post-28663","1":"product","2":"type-product","3":"status-publish","4":"has-post-thumbnail","6":"product_cat-83","8":"first","9":"instock","10":"taxable","11":"shipping-taxable","12":"purchasable","13":"product-type-simple"},"_links":{"self":[{"href":"https:\/\/islandbcn.com\/es\/wp-json\/wp\/v2\/product\/28663","targetHints":{"allow":["GET"]}}],"collection":[{"href":"https:\/\/islandbcn.com\/es\/wp-json\/wp\/v2\/product"}],"about":[{"href":"https:\/\/islandbcn.com\/es\/wp-json\/wp\/v2\/types\/product"}],"replies":[{"embeddable":true,"href":"https:\/\/islandbcn.com\/es\/wp-json\/wp\/v2\/comments?post=28663"}],"version-history":[{"count":0,"href":"https:\/\/islandbcn.com\/es\/wp-json\/wp\/v2\/product\/28663\/revisions"}],"wp:featuredmedia":[{"embeddable":true,"href":"https:\/\/islandbcn.com\/es\/wp-json\/wp\/v2\/media\/29860"}],"wp:attachment":[{"href":"https:\/\/islandbcn.com\/es\/wp-json\/wp\/v2\/media?parent=28663"}],"wp:term":[{"taxonomy":"product_brand","embeddable":true,"href":"https:\/\/islandbcn.com\/es\/wp-json\/wp\/v2\/product_brand?post=28663"},{"taxonomy":"product_cat","embeddable":true,"href":"https:\/\/islandbcn.com\/es\/wp-json\/wp\/v2\/product_cat?post=28663"},{"taxonomy":"product_tag","embeddable":true,"href":"https:\/\/islandbcn.com\/es\/wp-json\/wp\/v2\/product_tag?post=28663"}],"curies":[{"name":"wp","href":"https:\/\/api.w.org\/{rel}","templated":true}]}}