{"id":28816,"date":"2025-05-29T16:51:08","date_gmt":"2025-05-29T14:51:08","guid":{"rendered":"https:\/\/islandbcn.com\/product\/%e5%a4%a9%e5%ae%98%e8%b5%90%e7%a6%8f%c2%b7%e8%b4%b0-%e6%bc%ab%e7%94%bb-%e9%a3%9e%e6%9c%ba%e7%9b%92%e5%91%a8%e8%be%b9\/"},"modified":"2025-10-25T16:03:14","modified_gmt":"2025-10-25T14:03:14","slug":"%e5%a4%a9%e5%ae%98%e8%b5%90%e7%a6%8f%c2%b7%e8%b4%b0-%e6%bc%ab%e7%94%bb-%e9%a3%9e%e6%9c%ba%e7%9b%92%e5%91%a8%e8%be%b9","status":"publish","type":"product","link":"https:\/\/islandbcn.com\/es\/producto\/%e5%a4%a9%e5%ae%98%e8%b5%90%e7%a6%8f%c2%b7%e8%b4%b0-%e6%bc%ab%e7%94%bb-%e9%a3%9e%e6%9c%ba%e7%9b%92%e5%91%a8%e8%be%b9\/","title":{"rendered":"Caja perif\u00e9rica del avi\u00f3n c\u00f3mico Bendici\u00f3n del Oficial del Cielo II"},"content":{"rendered":"","protected":false},"excerpt":{"rendered":"","protected":false},"featured_media":29675,"comment_status":"open","ping_status":"closed","template":"","meta":[],"product_brand":[],"product_cat":[87],"product_tag":[],"class_list":{"0":"post-28816","1":"product","2":"type-product","3":"status-publish","4":"has-post-thumbnail","6":"product_cat-87","8":"first","9":"outofstock","10":"taxable","11":"shipping-taxable","12":"purchasable","13":"product-type-simple"},"_links":{"self":[{"href":"https:\/\/islandbcn.com\/es\/wp-json\/wp\/v2\/product\/28816","targetHints":{"allow":["GET"]}}],"collection":[{"href":"https:\/\/islandbcn.com\/es\/wp-json\/wp\/v2\/product"}],"about":[{"href":"https:\/\/islandbcn.com\/es\/wp-json\/wp\/v2\/types\/product"}],"replies":[{"embeddable":true,"href":"https:\/\/islandbcn.com\/es\/wp-json\/wp\/v2\/comments?post=28816"}],"version-history":[{"count":1,"href":"https:\/\/islandbcn.com\/es\/wp-json\/wp\/v2\/product\/28816\/revisions"}],"predecessor-version":[{"id":31651,"href":"https:\/\/islandbcn.com\/es\/wp-json\/wp\/v2\/product\/28816\/revisions\/31651"}],"wp:featuredmedia":[{"embeddable":true,"href":"https:\/\/islandbcn.com\/es\/wp-json\/wp\/v2\/media\/29675"}],"wp:attachment":[{"href":"https:\/\/islandbcn.com\/es\/wp-json\/wp\/v2\/media?parent=28816"}],"wp:term":[{"taxonomy":"product_brand","embeddable":true,"href":"https:\/\/islandbcn.com\/es\/wp-json\/wp\/v2\/product_brand?post=28816"},{"taxonomy":"product_cat","embeddable":true,"href":"https:\/\/islandbcn.com\/es\/wp-json\/wp\/v2\/product_cat?post=28816"},{"taxonomy":"product_tag","embeddable":true,"href":"https:\/\/islandbcn.com\/es\/wp-json\/wp\/v2\/product_tag?post=28816"}],"curies":[{"name":"wp","href":"https:\/\/api.w.org\/{rel}","templated":true}]}}