{"id":30795,"date":"2025-06-19T17:39:08","date_gmt":"2025-06-19T15:39:08","guid":{"rendered":"https:\/\/islandbcn.com\/product\/%e4%b8%80%e5%8f%aa%e7%89%b9%e7%ab%8b%e7%8b%ac%e8%a1%8c%e7%9a%84%e7%8c%aa-%e7%b2%be%e8%a3%85\/"},"modified":"2025-06-19T17:39:08","modified_gmt":"2025-06-19T15:39:08","slug":"%e4%b8%80%e5%8f%aa%e7%89%b9%e7%ab%8b%e7%8b%ac%e8%a1%8c%e7%9a%84%e7%8c%aa-%e7%b2%be%e8%a3%85","status":"publish","type":"product","link":"https:\/\/islandbcn.com\/es\/producto\/%e4%b8%80%e5%8f%aa%e7%89%b9%e7%ab%8b%e7%8b%ac%e8%a1%8c%e7%9a%84%e7%8c%aa-%e7%b2%be%e8%a3%85\/","title":{"rendered":"Un cerdo \u00fanico en tapa dura"},"content":{"rendered":"","protected":false},"excerpt":{"rendered":"<p>Las tres colecciones de ensayos, &quot;Un Cerdo Inconformista&quot;, &quot;La Mayor\u00eda Silenciosa&quot; y &quot;Mi Patria Espiritual&quot;, son los tres pasos para conocer a Wang Xiaobo. &quot;Un Cerdo Inconformista&quot; es la obra representativa de Wang Xiaobo, &quot;la mejor opci\u00f3n para sumergirse en el abismo&quot;: \u00a1interesante, independiente y contra la hipocres\u00eda! Contiene 52 ensayos breves, agudos, sat\u00edricos y humor\u00edsticos, que abarcan desde temas de la vida hasta actitudes vitales, mostrando una personalidad independiente, un esp\u00edritu libre y humor negro. Descubre el conocimiento intelectual en el rid\u00edculo y el encanto personal en el humor. Li Yinhe revis\u00f3 y organiz\u00f3 personalmente la lectura, desde la perspectiva del lector, por primera vez. \u00a1El primer grupo de lectores de prueba de todas las edades ha recibido elogios un\u00e1nimes! \u00a1Bienvenido al universo de Wang Xiaobo!<br \/>\n\u00a1No te puedes perder &quot;A Maverick Pig&quot;!<\/p>","protected":false},"featured_media":30210,"comment_status":"open","ping_status":"closed","template":"","meta":[],"product_brand":[],"product_cat":[92],"product_tag":[],"class_list":{"0":"post-30795","1":"product","2":"type-product","3":"status-publish","4":"has-post-thumbnail","6":"product_cat-92","8":"first","9":"instock","10":"taxable","11":"shipping-taxable","12":"purchasable","13":"product-type-simple"},"_links":{"self":[{"href":"https:\/\/islandbcn.com\/es\/wp-json\/wp\/v2\/product\/30795","targetHints":{"allow":["GET"]}}],"collection":[{"href":"https:\/\/islandbcn.com\/es\/wp-json\/wp\/v2\/product"}],"about":[{"href":"https:\/\/islandbcn.com\/es\/wp-json\/wp\/v2\/types\/product"}],"replies":[{"embeddable":true,"href":"https:\/\/islandbcn.com\/es\/wp-json\/wp\/v2\/comments?post=30795"}],"version-history":[{"count":0,"href":"https:\/\/islandbcn.com\/es\/wp-json\/wp\/v2\/product\/30795\/revisions"}],"wp:featuredmedia":[{"embeddable":true,"href":"https:\/\/islandbcn.com\/es\/wp-json\/wp\/v2\/media\/30210"}],"wp:attachment":[{"href":"https:\/\/islandbcn.com\/es\/wp-json\/wp\/v2\/media?parent=30795"}],"wp:term":[{"taxonomy":"product_brand","embeddable":true,"href":"https:\/\/islandbcn.com\/es\/wp-json\/wp\/v2\/product_brand?post=30795"},{"taxonomy":"product_cat","embeddable":true,"href":"https:\/\/islandbcn.com\/es\/wp-json\/wp\/v2\/product_cat?post=30795"},{"taxonomy":"product_tag","embeddable":true,"href":"https:\/\/islandbcn.com\/es\/wp-json\/wp\/v2\/product_tag?post=30795"}],"curies":[{"name":"wp","href":"https:\/\/api.w.org\/{rel}","templated":true}]}}