{"id":30802,"date":"2025-06-19T17:39:08","date_gmt":"2025-06-19T15:39:08","guid":{"rendered":"https:\/\/islandbcn.com\/product\/%e8%80%81%e5%ad%90%e9%81%93%e5%be%b7%e7%bb%8f%e6%b3%a8-%e7%b2%be%e8%a3%85\/"},"modified":"2025-06-19T17:39:08","modified_gmt":"2025-06-19T15:39:08","slug":"%e8%80%81%e5%ad%90%e9%81%93%e5%be%b7%e7%bb%8f%e6%b3%a8-%e7%b2%be%e8%a3%85","status":"publish","type":"product","link":"https:\/\/islandbcn.com\/es\/producto\/%e8%80%81%e5%ad%90%e9%81%93%e5%be%b7%e7%bb%8f%e6%b3%a8-%e7%b2%be%e8%a3%85\/","title":{"rendered":"Laozi Daodejing Annotation Tapa dura"},"content":{"rendered":"","protected":false},"excerpt":{"rendered":"<p>Este libro se basa en la versi\u00f3n de Ming Huating Zhang Zhixiang grabada por la Oficina de Libros de Zhejiang. Es una de las anotaciones m\u00e1s importantes sobre Laozi y la obra m\u00e1s importante para el estudio del pensamiento de Wang Bi.<\/p>","protected":false},"featured_media":30217,"comment_status":"open","ping_status":"closed","template":"","meta":[],"product_brand":[],"product_cat":[92],"product_tag":[],"class_list":{"0":"post-30802","1":"product","2":"type-product","3":"status-publish","4":"has-post-thumbnail","6":"product_cat-92","8":"first","9":"instock","10":"taxable","11":"shipping-taxable","12":"purchasable","13":"product-type-simple"},"_links":{"self":[{"href":"https:\/\/islandbcn.com\/es\/wp-json\/wp\/v2\/product\/30802","targetHints":{"allow":["GET"]}}],"collection":[{"href":"https:\/\/islandbcn.com\/es\/wp-json\/wp\/v2\/product"}],"about":[{"href":"https:\/\/islandbcn.com\/es\/wp-json\/wp\/v2\/types\/product"}],"replies":[{"embeddable":true,"href":"https:\/\/islandbcn.com\/es\/wp-json\/wp\/v2\/comments?post=30802"}],"version-history":[{"count":0,"href":"https:\/\/islandbcn.com\/es\/wp-json\/wp\/v2\/product\/30802\/revisions"}],"wp:featuredmedia":[{"embeddable":true,"href":"https:\/\/islandbcn.com\/es\/wp-json\/wp\/v2\/media\/30217"}],"wp:attachment":[{"href":"https:\/\/islandbcn.com\/es\/wp-json\/wp\/v2\/media?parent=30802"}],"wp:term":[{"taxonomy":"product_brand","embeddable":true,"href":"https:\/\/islandbcn.com\/es\/wp-json\/wp\/v2\/product_brand?post=30802"},{"taxonomy":"product_cat","embeddable":true,"href":"https:\/\/islandbcn.com\/es\/wp-json\/wp\/v2\/product_cat?post=30802"},{"taxonomy":"product_tag","embeddable":true,"href":"https:\/\/islandbcn.com\/es\/wp-json\/wp\/v2\/product_tag?post=30802"}],"curies":[{"name":"wp","href":"https:\/\/api.w.org\/{rel}","templated":true}]}}