{"id":30803,"date":"2025-06-19T17:39:08","date_gmt":"2025-06-19T15:39:08","guid":{"rendered":"https:\/\/islandbcn.com\/product\/%e4%b8%a4%e4%bd%8d%e5%af%8c%e9%98%b3%e5%a7%91%e5%a8%98-%e7%b2%be%e8%a3%85\/"},"modified":"2025-06-19T17:39:08","modified_gmt":"2025-06-19T15:39:08","slug":"%e4%b8%a4%e4%bd%8d%e5%af%8c%e9%98%b3%e5%a7%91%e5%a8%98-%e7%b2%be%e8%a3%85","status":"publish","type":"product","link":"https:\/\/islandbcn.com\/es\/producto\/%e4%b8%a4%e4%bd%8d%e5%af%8c%e9%98%b3%e5%a7%91%e5%a8%98-%e7%b2%be%e8%a3%85\/","title":{"rendered":"Dos chicas Fuyang"},"content":{"rendered":"","protected":false},"excerpt":{"rendered":"<p>Los derechos de autor internacionales de &quot;Dos chicas Fuyang (Ensayos de Mai Jia)&quot; (Obras Seleccionadas) fueron adquiridos por 21 editoriales de renombre internacional, entre ellas Penguin (Reino Unido), FSG (Estados Unidos), Robert Laffont (Francia), Planeta (Espa\u00f1a) y Random House (Alemania), a precios muy elevados. La autora es otra escritora china incluida en la colecci\u00f3n de libros m\u00e1s famosa del mundo, &quot;Cl\u00e1sicos Penguin&quot;, despu\u00e9s de Lu Xun, Zhang Ailing y Qian Zhongshu.<\/p>","protected":false},"featured_media":30218,"comment_status":"open","ping_status":"closed","template":"","meta":[],"product_brand":[],"product_cat":[92],"product_tag":[],"class_list":{"0":"post-30803","1":"product","2":"type-product","3":"status-publish","4":"has-post-thumbnail","6":"product_cat-92","8":"first","9":"instock","10":"taxable","11":"shipping-taxable","12":"purchasable","13":"product-type-simple"},"_links":{"self":[{"href":"https:\/\/islandbcn.com\/es\/wp-json\/wp\/v2\/product\/30803","targetHints":{"allow":["GET"]}}],"collection":[{"href":"https:\/\/islandbcn.com\/es\/wp-json\/wp\/v2\/product"}],"about":[{"href":"https:\/\/islandbcn.com\/es\/wp-json\/wp\/v2\/types\/product"}],"replies":[{"embeddable":true,"href":"https:\/\/islandbcn.com\/es\/wp-json\/wp\/v2\/comments?post=30803"}],"version-history":[{"count":0,"href":"https:\/\/islandbcn.com\/es\/wp-json\/wp\/v2\/product\/30803\/revisions"}],"wp:featuredmedia":[{"embeddable":true,"href":"https:\/\/islandbcn.com\/es\/wp-json\/wp\/v2\/media\/30218"}],"wp:attachment":[{"href":"https:\/\/islandbcn.com\/es\/wp-json\/wp\/v2\/media?parent=30803"}],"wp:term":[{"taxonomy":"product_brand","embeddable":true,"href":"https:\/\/islandbcn.com\/es\/wp-json\/wp\/v2\/product_brand?post=30803"},{"taxonomy":"product_cat","embeddable":true,"href":"https:\/\/islandbcn.com\/es\/wp-json\/wp\/v2\/product_cat?post=30803"},{"taxonomy":"product_tag","embeddable":true,"href":"https:\/\/islandbcn.com\/es\/wp-json\/wp\/v2\/product_tag?post=30803"}],"curies":[{"name":"wp","href":"https:\/\/api.w.org\/{rel}","templated":true}]}}