{"id":30806,"date":"2025-06-19T17:39:09","date_gmt":"2025-06-19T15:39:09","guid":{"rendered":"https:\/\/islandbcn.com\/product\/%e8%80%81%e5%ad%90%e4%bb%96%e8%af%b4%e7%bb%ad%e9%9b%86-%e5%b9%b3%e8%a3%85\/"},"modified":"2025-06-19T17:39:09","modified_gmt":"2025-06-19T15:39:09","slug":"%e8%80%81%e5%ad%90%e4%bb%96%e8%af%b4%e7%bb%ad%e9%9b%86-%e5%b9%b3%e8%a3%85","status":"publish","type":"product","link":"https:\/\/islandbcn.com\/es\/producto\/%e8%80%81%e5%ad%90%e4%bb%96%e8%af%b4%e7%bb%ad%e9%9b%86-%e5%b9%b3%e8%a3%85\/","title":{"rendered":"Dije Secuela Libro de bolsillo"},"content":{"rendered":"","protected":false},"excerpt":{"rendered":"<p>Este libro contiene las notas de la conferencia del Sr. Nan Huaijin sobre el Tao Te Ching de Laozi. Laozi, tambi\u00e9n conocido como Tao Te Ching, es el cl\u00e1sico m\u00e1s famoso de la escuela tao\u00edsta y del tao\u00edsmo en mi pa\u00eds. El Sr. Nan Huaijin ha explicado, corregido y citado detalladamente la connotaci\u00f3n de Laozi. Utiliza el m\u00e9todo de combinar cl\u00e1sicos e historia, interpretando cl\u00e1sicos con cl\u00e1sicos para explicar de forma sencilla y f\u00e1cil de entender. A trav\u00e9s de la propia experiencia de Laozi, describe la grandeza y brillante faceta del pensamiento erem\u00edtico tao\u00edsta que ha influido en la historia; tambi\u00e9n da plena cabida a su connotaci\u00f3n moral, transmitida durante miles de a\u00f1os.<\/p>","protected":false},"featured_media":30221,"comment_status":"open","ping_status":"closed","template":"","meta":[],"product_brand":[],"product_cat":[92],"product_tag":[],"class_list":{"0":"post-30806","1":"product","2":"type-product","3":"status-publish","4":"has-post-thumbnail","6":"product_cat-92","8":"first","9":"instock","10":"taxable","11":"shipping-taxable","12":"purchasable","13":"product-type-simple"},"_links":{"self":[{"href":"https:\/\/islandbcn.com\/es\/wp-json\/wp\/v2\/product\/30806","targetHints":{"allow":["GET"]}}],"collection":[{"href":"https:\/\/islandbcn.com\/es\/wp-json\/wp\/v2\/product"}],"about":[{"href":"https:\/\/islandbcn.com\/es\/wp-json\/wp\/v2\/types\/product"}],"replies":[{"embeddable":true,"href":"https:\/\/islandbcn.com\/es\/wp-json\/wp\/v2\/comments?post=30806"}],"version-history":[{"count":0,"href":"https:\/\/islandbcn.com\/es\/wp-json\/wp\/v2\/product\/30806\/revisions"}],"wp:featuredmedia":[{"embeddable":true,"href":"https:\/\/islandbcn.com\/es\/wp-json\/wp\/v2\/media\/30221"}],"wp:attachment":[{"href":"https:\/\/islandbcn.com\/es\/wp-json\/wp\/v2\/media?parent=30806"}],"wp:term":[{"taxonomy":"product_brand","embeddable":true,"href":"https:\/\/islandbcn.com\/es\/wp-json\/wp\/v2\/product_brand?post=30806"},{"taxonomy":"product_cat","embeddable":true,"href":"https:\/\/islandbcn.com\/es\/wp-json\/wp\/v2\/product_cat?post=30806"},{"taxonomy":"product_tag","embeddable":true,"href":"https:\/\/islandbcn.com\/es\/wp-json\/wp\/v2\/product_tag?post=30806"}],"curies":[{"name":"wp","href":"https:\/\/api.w.org\/{rel}","templated":true}]}}