{"id":30814,"date":"2025-06-19T17:39:09","date_gmt":"2025-06-19T15:39:09","guid":{"rendered":"https:\/\/islandbcn.com\/product\/%e6%a8%8a%e7%99%bb%e8%ae%b2%e8%ae%ba%e8%af%ad%ef%bc%9a%e5%85%88%e8%bf%9b\/"},"modified":"2025-06-19T17:39:10","modified_gmt":"2025-06-19T15:39:10","slug":"%e6%a8%8a%e7%99%bb%e8%ae%b2%e8%ae%ba%e8%af%ad%ef%bc%9a%e5%85%88%e8%bf%9b","status":"publish","type":"product","link":"https:\/\/islandbcn.com\/es\/producto\/%e6%a8%8a%e7%99%bb%e8%ae%b2%e8%ae%ba%e8%af%ad%ef%bc%9a%e5%85%88%e8%bf%9b\/","title":{"rendered":"Analectas de Fan Deng: Avanzada"},"content":{"rendered":"","protected":false},"excerpt":{"rendered":"<p>Las Analectas de Confucio constan de un total de veinte cap\u00edtulos, la mayor\u00eda de los cuales utilizan los dos primeros personajes de cada cap\u00edtulo como t\u00edtulo.<br \/>\n&quot;Las Analectas de Fan Deng: El aprendizaje&quot; toma como t\u00edtulo las palabras iniciales de las Analectas e interpreta la primera mitad. &quot;El aprendizaje&quot; representa el valor del crecimiento permanente.<br \/>\n&quot;Analectas de Fan Deng: Avanzada&quot; se titula a partir del primer cap\u00edtulo de la segunda mitad de las Analectas e interpreta dicha segunda mitad. &quot;Avanzada&quot; significa extraer nueva fuerza de la cultura tradicional.<br \/>\nLas Analectas es el libro que m\u00e1s impact\u00f3 la vida de Fan Deng. Sin ellas, \u00a1Fan Deng no existir\u00eda hoy! Las ha le\u00eddo una y otra vez durante 20 a\u00f1os. Las Analectas de Fan Deng son el resultado de su arduo trabajo.<br \/>\nDespu\u00e9s de interpretar profundamente m\u00e1s de 300 libros para todos, Fan Deng descubri\u00f3 que las teor\u00edas de &quot;Las Analectas de Confucio&quot; no est\u00e1n obsoletas y pueden resolver casi todos los problemas de nuestras vidas.<br \/>\nLa caracter\u00edstica de este libro es que interpreta las Analectas de una manera muy popular. Fan Deng las interpreta en combinaci\u00f3n con la psicolog\u00eda moderna, la sociolog\u00eda, la administraci\u00f3n, los conocimientos parentales, la educaci\u00f3n, los m\u00e9todos de emprendimiento y el liderazgo, para que todos puedan leerlas f\u00e1cilmente y ponerlas en pr\u00e1ctica.<\/p>","protected":false},"featured_media":30229,"comment_status":"open","ping_status":"closed","template":"","meta":[],"product_brand":[],"product_cat":[92],"product_tag":[],"class_list":{"0":"post-30814","1":"product","2":"type-product","3":"status-publish","4":"has-post-thumbnail","6":"product_cat-92","8":"first","9":"instock","10":"taxable","11":"shipping-taxable","12":"purchasable","13":"product-type-simple"},"_links":{"self":[{"href":"https:\/\/islandbcn.com\/es\/wp-json\/wp\/v2\/product\/30814","targetHints":{"allow":["GET"]}}],"collection":[{"href":"https:\/\/islandbcn.com\/es\/wp-json\/wp\/v2\/product"}],"about":[{"href":"https:\/\/islandbcn.com\/es\/wp-json\/wp\/v2\/types\/product"}],"replies":[{"embeddable":true,"href":"https:\/\/islandbcn.com\/es\/wp-json\/wp\/v2\/comments?post=30814"}],"version-history":[{"count":0,"href":"https:\/\/islandbcn.com\/es\/wp-json\/wp\/v2\/product\/30814\/revisions"}],"wp:featuredmedia":[{"embeddable":true,"href":"https:\/\/islandbcn.com\/es\/wp-json\/wp\/v2\/media\/30229"}],"wp:attachment":[{"href":"https:\/\/islandbcn.com\/es\/wp-json\/wp\/v2\/media?parent=30814"}],"wp:term":[{"taxonomy":"product_brand","embeddable":true,"href":"https:\/\/islandbcn.com\/es\/wp-json\/wp\/v2\/product_brand?post=30814"},{"taxonomy":"product_cat","embeddable":true,"href":"https:\/\/islandbcn.com\/es\/wp-json\/wp\/v2\/product_cat?post=30814"},{"taxonomy":"product_tag","embeddable":true,"href":"https:\/\/islandbcn.com\/es\/wp-json\/wp\/v2\/product_tag?post=30814"}],"curies":[{"name":"wp","href":"https:\/\/api.w.org\/{rel}","templated":true}]}}