{"id":30829,"date":"2025-06-19T17:39:11","date_gmt":"2025-06-19T15:39:11","guid":{"rendered":"https:\/\/islandbcn.com\/product\/%e5%9c%a8%e5%88%ab%e4%ba%ba%e7%9a%84%e5%8f%a5%e5%ad%90%e9%87%8c-%e7%b2%be%e8%a3%85\/"},"modified":"2025-06-19T17:39:11","modified_gmt":"2025-06-19T15:39:11","slug":"%e5%9c%a8%e5%88%ab%e4%ba%ba%e7%9a%84%e5%8f%a5%e5%ad%90%e9%87%8c-%e7%b2%be%e8%a3%85","status":"publish","type":"product","link":"https:\/\/islandbcn.com\/es\/producto\/%e5%9c%a8%e5%88%ab%e4%ba%ba%e7%9a%84%e5%8f%a5%e5%ad%90%e9%87%8c-%e7%b2%be%e8%a3%85\/","title":{"rendered":"En las frases de otras personas"},"content":{"rendered":"","protected":false},"excerpt":{"rendered":"<p>Aqu\u00ed no hay nada, solo el placer que queda despu\u00e9s de leer. Para juzgar si un autor te gusta, no hojees primero ese libro enorme; busca un art\u00edculo sobre lectura y escritores. Si a\u00fan te emociona leerlo y no has bajado a recogerlo, d\u00e9jalo por ahora. Chen Yikan, exeditor, actual traductor y comentarista, que se gana la vida escribiendo, captura la emoci\u00f3n de la lectura en palabras, invit\u00e1ndonos a enfrentarnos a la literatura, a creer en ella y luego a creer en la lectura.<\/p>","protected":false},"featured_media":30244,"comment_status":"open","ping_status":"closed","template":"","meta":[],"product_brand":[],"product_cat":[92],"product_tag":[],"class_list":{"0":"post-30829","1":"product","2":"type-product","3":"status-publish","4":"has-post-thumbnail","6":"product_cat-92","8":"first","9":"instock","10":"taxable","11":"shipping-taxable","12":"purchasable","13":"product-type-simple"},"_links":{"self":[{"href":"https:\/\/islandbcn.com\/es\/wp-json\/wp\/v2\/product\/30829","targetHints":{"allow":["GET"]}}],"collection":[{"href":"https:\/\/islandbcn.com\/es\/wp-json\/wp\/v2\/product"}],"about":[{"href":"https:\/\/islandbcn.com\/es\/wp-json\/wp\/v2\/types\/product"}],"replies":[{"embeddable":true,"href":"https:\/\/islandbcn.com\/es\/wp-json\/wp\/v2\/comments?post=30829"}],"version-history":[{"count":0,"href":"https:\/\/islandbcn.com\/es\/wp-json\/wp\/v2\/product\/30829\/revisions"}],"wp:featuredmedia":[{"embeddable":true,"href":"https:\/\/islandbcn.com\/es\/wp-json\/wp\/v2\/media\/30244"}],"wp:attachment":[{"href":"https:\/\/islandbcn.com\/es\/wp-json\/wp\/v2\/media?parent=30829"}],"wp:term":[{"taxonomy":"product_brand","embeddable":true,"href":"https:\/\/islandbcn.com\/es\/wp-json\/wp\/v2\/product_brand?post=30829"},{"taxonomy":"product_cat","embeddable":true,"href":"https:\/\/islandbcn.com\/es\/wp-json\/wp\/v2\/product_cat?post=30829"},{"taxonomy":"product_tag","embeddable":true,"href":"https:\/\/islandbcn.com\/es\/wp-json\/wp\/v2\/product_tag?post=30829"}],"curies":[{"name":"wp","href":"https:\/\/api.w.org\/{rel}","templated":true}]}}