{"id":30831,"date":"2025-06-19T17:39:11","date_gmt":"2025-06-19T15:39:11","guid":{"rendered":"https:\/\/islandbcn.com\/product\/%e5%94%90%e8%af%97%e6%9d%82%e8%ae%ba-%e5%b9%b3%e8%a3%85\/"},"modified":"2025-06-19T17:39:11","modified_gmt":"2025-06-19T15:39:11","slug":"%e5%94%90%e8%af%97%e6%9d%82%e8%ae%ba-%e5%b9%b3%e8%a3%85","status":"publish","type":"product","link":"https:\/\/islandbcn.com\/es\/producto\/%e5%94%90%e8%af%97%e6%9d%82%e8%ae%ba-%e5%b9%b3%e8%a3%85\/","title":{"rendered":"Libro de bolsillo de ensayos varios sobre poes\u00eda Tang"},"content":{"rendered":"","protected":false},"excerpt":{"rendered":"<p>El contenido de este libro incluye: enciclopedias y poemas, autorredenci\u00f3n de la poes\u00eda de estilo palaciego, los Cuatro Grandes Poetas, Chen Zi&#039;ang, Meng Haoran, traducciones al ingl\u00e9s de los poemas de Li Bai, Du Fu, poes\u00eda de la dinast\u00eda Tang y un resumen de la poes\u00eda Tang.<\/p>","protected":false},"featured_media":30246,"comment_status":"open","ping_status":"closed","template":"","meta":[],"product_brand":[],"product_cat":[92],"product_tag":[],"class_list":{"0":"post-30831","1":"product","2":"type-product","3":"status-publish","4":"has-post-thumbnail","6":"product_cat-92","8":"first","9":"instock","10":"taxable","11":"shipping-taxable","12":"purchasable","13":"product-type-simple"},"_links":{"self":[{"href":"https:\/\/islandbcn.com\/es\/wp-json\/wp\/v2\/product\/30831","targetHints":{"allow":["GET"]}}],"collection":[{"href":"https:\/\/islandbcn.com\/es\/wp-json\/wp\/v2\/product"}],"about":[{"href":"https:\/\/islandbcn.com\/es\/wp-json\/wp\/v2\/types\/product"}],"replies":[{"embeddable":true,"href":"https:\/\/islandbcn.com\/es\/wp-json\/wp\/v2\/comments?post=30831"}],"version-history":[{"count":0,"href":"https:\/\/islandbcn.com\/es\/wp-json\/wp\/v2\/product\/30831\/revisions"}],"wp:featuredmedia":[{"embeddable":true,"href":"https:\/\/islandbcn.com\/es\/wp-json\/wp\/v2\/media\/30246"}],"wp:attachment":[{"href":"https:\/\/islandbcn.com\/es\/wp-json\/wp\/v2\/media?parent=30831"}],"wp:term":[{"taxonomy":"product_brand","embeddable":true,"href":"https:\/\/islandbcn.com\/es\/wp-json\/wp\/v2\/product_brand?post=30831"},{"taxonomy":"product_cat","embeddable":true,"href":"https:\/\/islandbcn.com\/es\/wp-json\/wp\/v2\/product_cat?post=30831"},{"taxonomy":"product_tag","embeddable":true,"href":"https:\/\/islandbcn.com\/es\/wp-json\/wp\/v2\/product_tag?post=30831"}],"curies":[{"name":"wp","href":"https:\/\/api.w.org\/{rel}","templated":true}]}}