{"id":30858,"date":"2025-06-19T17:39:46","date_gmt":"2025-06-19T15:39:46","guid":{"rendered":"https:\/\/islandbcn.com\/product\/%e9%ac%bc%e8%b0%b7%e5%ad%90-%e5%b9%b3%e8%a3%85\/"},"modified":"2025-06-19T17:39:46","modified_gmt":"2025-06-19T15:39:46","slug":"%e9%ac%bc%e8%b0%b7%e5%ad%90-%e5%b9%b3%e8%a3%85","status":"publish","type":"product","link":"https:\/\/islandbcn.com\/es\/producto\/%e9%ac%bc%e8%b0%b7%e5%ad%90-%e5%b9%b3%e8%a3%85\/","title":{"rendered":"Guiguzi Libro de bolsillo"},"content":{"rendered":"","protected":false},"excerpt":{"rendered":"<p>El libro &quot;Guiguzi&quot; es la culminaci\u00f3n de las reflexiones de Guiguzi, un resumen exhaustivo del arte del lobby y una obra de referencia sobre los debates te\u00f3ricos de los estrategas. El libro se divide en tres vol\u00famenes: superior, medio e inferior.<\/p>","protected":false},"featured_media":30277,"comment_status":"open","ping_status":"closed","template":"","meta":[],"product_brand":[],"product_cat":[92],"product_tag":[],"class_list":{"0":"post-30858","1":"product","2":"type-product","3":"status-publish","4":"has-post-thumbnail","6":"product_cat-92","8":"first","9":"instock","10":"taxable","11":"shipping-taxable","12":"purchasable","13":"product-type-simple"},"_links":{"self":[{"href":"https:\/\/islandbcn.com\/es\/wp-json\/wp\/v2\/product\/30858","targetHints":{"allow":["GET"]}}],"collection":[{"href":"https:\/\/islandbcn.com\/es\/wp-json\/wp\/v2\/product"}],"about":[{"href":"https:\/\/islandbcn.com\/es\/wp-json\/wp\/v2\/types\/product"}],"replies":[{"embeddable":true,"href":"https:\/\/islandbcn.com\/es\/wp-json\/wp\/v2\/comments?post=30858"}],"version-history":[{"count":0,"href":"https:\/\/islandbcn.com\/es\/wp-json\/wp\/v2\/product\/30858\/revisions"}],"wp:featuredmedia":[{"embeddable":true,"href":"https:\/\/islandbcn.com\/es\/wp-json\/wp\/v2\/media\/30277"}],"wp:attachment":[{"href":"https:\/\/islandbcn.com\/es\/wp-json\/wp\/v2\/media?parent=30858"}],"wp:term":[{"taxonomy":"product_brand","embeddable":true,"href":"https:\/\/islandbcn.com\/es\/wp-json\/wp\/v2\/product_brand?post=30858"},{"taxonomy":"product_cat","embeddable":true,"href":"https:\/\/islandbcn.com\/es\/wp-json\/wp\/v2\/product_cat?post=30858"},{"taxonomy":"product_tag","embeddable":true,"href":"https:\/\/islandbcn.com\/es\/wp-json\/wp\/v2\/product_tag?post=30858"}],"curies":[{"name":"wp","href":"https:\/\/api.w.org\/{rel}","templated":true}]}}