{"id":30876,"date":"2025-06-19T17:39:48","date_gmt":"2025-06-19T15:39:48","guid":{"rendered":"https:\/\/islandbcn.com\/product\/%e8%b0%88%e4%bf%ae%e5%85%bb-%e7%b2%be%e8%a3%85\/"},"modified":"2025-06-19T17:39:49","modified_gmt":"2025-06-19T15:39:49","slug":"%e8%b0%88%e4%bf%ae%e5%85%bb-%e7%b2%be%e8%a3%85","status":"publish","type":"product","link":"https:\/\/islandbcn.com\/es\/producto\/%e8%b0%88%e4%bf%ae%e5%85%bb-%e7%b2%be%e8%a3%85\/","title":{"rendered":"Hablando de cultivo, tapa dura"},"content":{"rendered":"","protected":false},"excerpt":{"rendered":"<p>Este libro fue escrito por el Sr. Zhu Guangqian en la d\u00e9cada de 1940. El autor analiz\u00f3 las diversas confusiones que enfrentaban los j\u00f3venes de aquella \u00e9poca, el destino de la naci\u00f3n y c\u00f3mo los j\u00f3venes pod\u00edan mejorar su formaci\u00f3n personal, como establecer metas, estudiar, comportarse, llevarse bien con los dem\u00e1s, hacer amigos, cultivarse y enamorarse. Anima a los j\u00f3venes a forjar ideales nobles, preocuparse por los asuntos nacionales, estudiar con ah\u00ednco, ser sencillos y no codiciar la fama ni la fortuna mundanas. El texto del libro es f\u00e1cil de entender, sincero y conmovedor. Incluso hoy, puede servir de gu\u00eda para que los j\u00f3venes contempor\u00e1neos se comporten y afronten las situaciones, y merece una lectura atenta.<\/p>","protected":false},"featured_media":30296,"comment_status":"open","ping_status":"closed","template":"","meta":[],"product_brand":[],"product_cat":[92],"product_tag":[],"class_list":{"0":"post-30876","1":"product","2":"type-product","3":"status-publish","4":"has-post-thumbnail","6":"product_cat-92","8":"first","9":"instock","10":"taxable","11":"shipping-taxable","12":"purchasable","13":"product-type-simple"},"_links":{"self":[{"href":"https:\/\/islandbcn.com\/es\/wp-json\/wp\/v2\/product\/30876","targetHints":{"allow":["GET"]}}],"collection":[{"href":"https:\/\/islandbcn.com\/es\/wp-json\/wp\/v2\/product"}],"about":[{"href":"https:\/\/islandbcn.com\/es\/wp-json\/wp\/v2\/types\/product"}],"replies":[{"embeddable":true,"href":"https:\/\/islandbcn.com\/es\/wp-json\/wp\/v2\/comments?post=30876"}],"version-history":[{"count":0,"href":"https:\/\/islandbcn.com\/es\/wp-json\/wp\/v2\/product\/30876\/revisions"}],"wp:featuredmedia":[{"embeddable":true,"href":"https:\/\/islandbcn.com\/es\/wp-json\/wp\/v2\/media\/30296"}],"wp:attachment":[{"href":"https:\/\/islandbcn.com\/es\/wp-json\/wp\/v2\/media?parent=30876"}],"wp:term":[{"taxonomy":"product_brand","embeddable":true,"href":"https:\/\/islandbcn.com\/es\/wp-json\/wp\/v2\/product_brand?post=30876"},{"taxonomy":"product_cat","embeddable":true,"href":"https:\/\/islandbcn.com\/es\/wp-json\/wp\/v2\/product_cat?post=30876"},{"taxonomy":"product_tag","embeddable":true,"href":"https:\/\/islandbcn.com\/es\/wp-json\/wp\/v2\/product_tag?post=30876"}],"curies":[{"name":"wp","href":"https:\/\/api.w.org\/{rel}","templated":true}]}}