{"id":30888,"date":"2025-06-19T17:39:49","date_gmt":"2025-06-19T15:39:49","guid":{"rendered":"https:\/\/islandbcn.com\/product\/%e5%b1%b1%e6%b5%b7%e7%bb%8f-%e4%b8%93%e8%91%97-%e7%99%bd%e8%af%9d%e5%85%a8%e8%af%91%e5%bd%a9%e5%9b%be%e7%8f%8d%e8%97%8f%e7%89%88-%e5%b9%b3%e8%a3%85\/"},"modified":"2025-06-19T17:39:49","modified_gmt":"2025-06-19T15:39:49","slug":"%e5%b1%b1%e6%b5%b7%e7%bb%8f-%e4%b8%93%e8%91%97-%e7%99%bd%e8%af%9d%e5%85%a8%e8%af%91%e5%bd%a9%e5%9b%be%e7%8f%8d%e8%97%8f%e7%89%88-%e5%b9%b3%e8%a3%85","status":"publish","type":"product","link":"https:\/\/islandbcn.com\/es\/producto\/%e5%b1%b1%e6%b5%b7%e7%bb%8f-%e4%b8%93%e8%91%97-%e7%99%bd%e8%af%9d%e5%85%a8%e8%af%91%e5%bd%a9%e5%9b%be%e7%8f%8d%e8%97%8f%e7%89%88-%e5%b9%b3%e8%a3%85\/","title":{"rendered":"Monograf\u00eda de Shan Hai Jing: Traducci\u00f3n vern\u00e1cula completa e ilustraciones en color Edici\u00f3n de coleccionista en r\u00fastica"},"content":{"rendered":"","protected":false},"excerpt":{"rendered":"<p>Este libro recopila casi todas las versiones ilustradas de &quot;Cl\u00e1sico de las monta\u00f1as y los mares&quot; que la gente hoy en d\u00eda puede coleccionar, y presenta de manera integral esta obra imaginativa de la antigua China que combina fantas\u00eda y magnificencia, y refleja profundamente los diversos mitos y leyendas de los tiempos antiguos.<\/p>","protected":false},"featured_media":30308,"comment_status":"open","ping_status":"closed","template":"","meta":[],"product_brand":[],"product_cat":[92],"product_tag":[],"class_list":{"0":"post-30888","1":"product","2":"type-product","3":"status-publish","4":"has-post-thumbnail","6":"product_cat-92","8":"first","9":"instock","10":"taxable","11":"shipping-taxable","12":"purchasable","13":"product-type-simple"},"_links":{"self":[{"href":"https:\/\/islandbcn.com\/es\/wp-json\/wp\/v2\/product\/30888","targetHints":{"allow":["GET"]}}],"collection":[{"href":"https:\/\/islandbcn.com\/es\/wp-json\/wp\/v2\/product"}],"about":[{"href":"https:\/\/islandbcn.com\/es\/wp-json\/wp\/v2\/types\/product"}],"replies":[{"embeddable":true,"href":"https:\/\/islandbcn.com\/es\/wp-json\/wp\/v2\/comments?post=30888"}],"version-history":[{"count":0,"href":"https:\/\/islandbcn.com\/es\/wp-json\/wp\/v2\/product\/30888\/revisions"}],"wp:featuredmedia":[{"embeddable":true,"href":"https:\/\/islandbcn.com\/es\/wp-json\/wp\/v2\/media\/30308"}],"wp:attachment":[{"href":"https:\/\/islandbcn.com\/es\/wp-json\/wp\/v2\/media?parent=30888"}],"wp:term":[{"taxonomy":"product_brand","embeddable":true,"href":"https:\/\/islandbcn.com\/es\/wp-json\/wp\/v2\/product_brand?post=30888"},{"taxonomy":"product_cat","embeddable":true,"href":"https:\/\/islandbcn.com\/es\/wp-json\/wp\/v2\/product_cat?post=30888"},{"taxonomy":"product_tag","embeddable":true,"href":"https:\/\/islandbcn.com\/es\/wp-json\/wp\/v2\/product_tag?post=30888"}],"curies":[{"name":"wp","href":"https:\/\/api.w.org\/{rel}","templated":true}]}}