{"id":31174,"date":"2025-06-19T17:40:18","date_gmt":"2025-06-19T15:40:18","guid":{"rendered":"https:\/\/islandbcn.com\/product\/%e8%af%91%e6%96%87%e7%bb%8f%e5%85%b8%e7%b2%be%e8%a3%85%e7%b3%bb%e5%88%97%c2%b7%e5%ad%98%e5%9c%a8%e4%b8%bb%e4%b9%89%e6%98%af%e4%b8%80%e7%a7%8d%e4%ba%ba%e9%81%93%e4%b8%bb%e4%b9%89-%e7%b2%be%e8%a3%851\/"},"modified":"2025-06-19T17:40:18","modified_gmt":"2025-06-19T15:40:18","slug":"%e8%af%91%e6%96%87%e7%bb%8f%e5%85%b8%e7%b2%be%e8%a3%85%e7%b3%bb%e5%88%97%c2%b7%e5%ad%98%e5%9c%a8%e4%b8%bb%e4%b9%89%e6%98%af%e4%b8%80%e7%a7%8d%e4%ba%ba%e9%81%93%e4%b8%bb%e4%b9%89-%e7%b2%be%e8%a3%851","status":"publish","type":"product","link":"https:\/\/islandbcn.com\/es\/producto\/%e8%af%91%e6%96%87%e7%bb%8f%e5%85%b8%e7%b2%be%e8%a3%85%e7%b3%bb%e5%88%97%c2%b7%e5%ad%98%e5%9c%a8%e4%b8%bb%e4%b9%89%e6%98%af%e4%b8%80%e7%a7%8d%e4%ba%ba%e9%81%93%e4%b8%bb%e4%b9%89-%e7%b2%be%e8%a3%851\/","title":{"rendered":"Serie cl\u00e1sica de traducci\u00f3n de tapa dura \u00b7 El existencialismo es un humanismo Tapa dura 1"},"content":{"rendered":"","protected":false},"excerpt":{"rendered":"<p>Jean-Paul Sartre (1905-1980) es un famoso fil\u00f3sofo, escritor, dramaturgo y activista social franc\u00e9s contempor\u00e1neo. Es el iniciador del existencialismo franc\u00e9s y se le conoce como el &quot;fundador del existencialismo&quot;. Entre sus obras m\u00e1s importantes se encuentran: La n\u00e1usea (1938), El ser y la nada (1943), Las moscas (1943) y El existencialismo como humanismo (1946).<br \/>\n     El existencialismo es una escuela filos\u00f3fica con gran influencia y popularidad en la filosof\u00eda occidental moderna. Su principal representante es el fil\u00f3sofo franc\u00e9s Sartre, cuyas ideas se reflejan en diversas ideolog\u00edas y estilos de vida. &quot;El existencialismo es un humanismo (excelente)\/Cl\u00e1sicos traducidos&quot;, compilado por Jean-Paul Sartre, consta de dos partes: &quot;El existencialismo es un humanismo&quot; y &quot;La esperanza hoy: Conversaciones con Sartre&quot;. La primera se public\u00f3 en 1946 y la segunda poco antes de la muerte del autor en 1980. En ella, Sartre enfatiz\u00f3 repetidamente que su existencialismo es esencialmente una filosof\u00eda optimista y llena de esperanza en la vida.<\/p>","protected":false},"featured_media":30603,"comment_status":"open","ping_status":"closed","template":"","meta":[],"product_brand":[],"product_cat":[92],"product_tag":[],"class_list":{"0":"post-31174","1":"product","2":"type-product","3":"status-publish","4":"has-post-thumbnail","6":"product_cat-92","8":"first","9":"instock","10":"taxable","11":"shipping-taxable","12":"purchasable","13":"product-type-simple"},"_links":{"self":[{"href":"https:\/\/islandbcn.com\/es\/wp-json\/wp\/v2\/product\/31174","targetHints":{"allow":["GET"]}}],"collection":[{"href":"https:\/\/islandbcn.com\/es\/wp-json\/wp\/v2\/product"}],"about":[{"href":"https:\/\/islandbcn.com\/es\/wp-json\/wp\/v2\/types\/product"}],"replies":[{"embeddable":true,"href":"https:\/\/islandbcn.com\/es\/wp-json\/wp\/v2\/comments?post=31174"}],"version-history":[{"count":0,"href":"https:\/\/islandbcn.com\/es\/wp-json\/wp\/v2\/product\/31174\/revisions"}],"wp:featuredmedia":[{"embeddable":true,"href":"https:\/\/islandbcn.com\/es\/wp-json\/wp\/v2\/media\/30603"}],"wp:attachment":[{"href":"https:\/\/islandbcn.com\/es\/wp-json\/wp\/v2\/media?parent=31174"}],"wp:term":[{"taxonomy":"product_brand","embeddable":true,"href":"https:\/\/islandbcn.com\/es\/wp-json\/wp\/v2\/product_brand?post=31174"},{"taxonomy":"product_cat","embeddable":true,"href":"https:\/\/islandbcn.com\/es\/wp-json\/wp\/v2\/product_cat?post=31174"},{"taxonomy":"product_tag","embeddable":true,"href":"https:\/\/islandbcn.com\/es\/wp-json\/wp\/v2\/product_tag?post=31174"}],"curies":[{"name":"wp","href":"https:\/\/api.w.org\/{rel}","templated":true}]}}