{"id":31324,"date":"2025-06-19T17:40:33","date_gmt":"2025-06-19T15:40:33","guid":{"rendered":"https:\/\/islandbcn.com\/product\/%e6%b1%97%e9%9d%92%e5%a0%82%e4%b8%9b%e4%b9%a6042%c2%b7%e5%ba%94%e4%bb%81%e4%b9%8b%e4%b9%b1%ef%bc%9a%e6%97%a5%e6%9c%ac%e6%88%98%e5%9b%bd%e6%97%b6%e4%bb%a3%e7%9a%84%e5%bc%80%e7%ab%af-%e7%b2%be%e8%a3%85\/"},"modified":"2025-06-19T17:40:33","modified_gmt":"2025-06-19T15:40:33","slug":"%e6%b1%97%e9%9d%92%e5%a0%82%e4%b8%9b%e4%b9%a6042%c2%b7%e5%ba%94%e4%bb%81%e4%b9%8b%e4%b9%b1%ef%bc%9a%e6%97%a5%e6%9c%ac%e6%88%98%e5%9b%bd%e6%97%b6%e4%bb%a3%e7%9a%84%e5%bc%80%e7%ab%af-%e7%b2%be%e8%a3%85","status":"publish","type":"product","link":"https:\/\/islandbcn.com\/es\/producto\/%e6%b1%97%e9%9d%92%e5%a0%82%e4%b8%9b%e4%b9%a6042%c2%b7%e5%ba%94%e4%bb%81%e4%b9%8b%e4%b9%b1%ef%bc%9a%e6%97%a5%e6%9c%ac%e6%88%98%e5%9b%bd%e6%97%b6%e4%bb%a3%e7%9a%84%e5%bc%80%e7%ab%af-%e7%b2%be%e8%a3%85\/","title":{"rendered":"Serie Hanqingtang 042: La guerra de \u014cnin: El comienzo del per\u00edodo Sengoku de Jap\u00f3n (Tapa dura)"},"content":{"rendered":"","protected":false},"excerpt":{"rendered":"<p>\u65e5\u672c\u5ba4\u753a\u5e55\u5e9c\u672b\u671f\uff0c\u8bf8\u5927\u540d\u52a8\u5458\u6570\u5341\u4e07\u5175\u529b\uff0c\u4ee5\u4eac\u90fd\u4e3a\u6218\u573a\uff0c\u5206\u4e1c\u519b\u3001\u897f\u519b\u76f8\u4e92\u53ae\u6740\u957f\u8fbe\u5341\u4e00\u5e74\u4e4b\u4e45\uff0c\u53f2\u79f0\u201c\u5e94\u4ec1\u4e4b\u4e71\u201d\u3002\u6218\u4e71\u8fc7\u540e\uff0c\u8d35\u65cf\u4e0e\u5bfa\u9662\u52bf\u529b\u5f0f\u5fae\uff0c\u5ba4\u753a\u5e55\u5e9c\u8d70\u5411\u8870\u4ea1\uff0c\u793e\u4f1a\u79e9\u5e8f\u8fd1\u4e4e\u74e6\u89e3\uff0c\u201c\u4e0b\u514b\u4e0a\u201d\u4e4b\u98ce\u65e5\u76db\uff0c\u5730\u65b9\u52bf\u529b\u5d1b\u8d77\uff0c\u65e5\u672c\u6b65\u5165\u6218\u56fd\u65f6\u4ee3\u3002\u5e94\u4ec1\u4e4b\u4e71\u4f5c\u4e3a\u65f6\u4ee3\u8f6c\u6298\u70b9\uff0c\u88ab\u8457\u540d\u5386\u53f2\u5b66\u5bb6\u5185\u85e4\u6e56\u5357\u8bc4\u4ef7\u4e3a\u201c\u65e5\u672c\u5386\u53f2ZUI\u5927\u7684\u4e8b\u4ef6\u201d\u3002<br \/>\n\u65b0\u9510\u5386\u53f2\u5b66\u5bb6\u5434\u5ea7\u52c7\u4e00\u4ee5\u5174\u798f\u5bfa\u4e24\u4f4d\u9ad8\u50e7\u7684\u65e5\u8bb0\u4e3a\u57fa\u7840\uff0c\u7ed3\u5408\u591a\u79cd\u53f2\u6599\u4e0e\u5b66\u672f\u754c\u7814\u7a76\u6210\u679c\uff0c\u4ece\u5c06\u519b\u627f\u55e3\u95ee\u9898\u3001\u7ba1\u9886\u5bb6\u7560\u5c71\u6c0f\u5185\u6597\u3001\u7ec6\u5ddd\u80dc\u4e0e\u5c71\u540d\u5b97\u5168\u653f\u4e89\u5165\u624b\uff0c\u7ec6\u81f4\u5165\u5fae\u5730\u5256\u6790\u4e86\u5e94\u4ec1\u4e4b\u4e71\u7684\u8d77\u56e0\uff0c\u4ee5\u901a\u4fd7\u7684\u8bed\u8a00\u751f\u52a8\u3001\u7fd4\u5b9e\u5730\u8fd8\u539f\u4e86\u6218\u4e71\u7684\u7ecf\u8fc7\u4e0e\u53c2\u4e0e\u8005\u4e4b\u95f4\u7684\u5408\u7eb5\u8fde\u6a2a\uff0c\u603b\u7ed3\u4e86\u6218\u4e71\u7684\u540e\u679c\u53ca\u5176\u5bf9\u793e\u4f1a\u3001\u6587\u5316\u7684\u5f71\u54cd\uff0c\u6709\u52a9\u4e8e\u8bfb\u8005\u5168\u9762\u4e86\u89e3\u8fd9\u573a\u50ac\u751f\u4e86\u65e5\u672c\u6218\u56fd\u65f6\u4ee3\u7684\u5927\u4e71\u3002<\/p>","protected":false},"featured_media":30753,"comment_status":"open","ping_status":"closed","template":"","meta":[],"product_brand":[],"product_cat":[92],"product_tag":[],"class_list":{"0":"post-31324","1":"product","2":"type-product","3":"status-publish","4":"has-post-thumbnail","6":"product_cat-92","8":"first","9":"instock","10":"taxable","11":"shipping-taxable","12":"purchasable","13":"product-type-simple"},"_links":{"self":[{"href":"https:\/\/islandbcn.com\/es\/wp-json\/wp\/v2\/product\/31324","targetHints":{"allow":["GET"]}}],"collection":[{"href":"https:\/\/islandbcn.com\/es\/wp-json\/wp\/v2\/product"}],"about":[{"href":"https:\/\/islandbcn.com\/es\/wp-json\/wp\/v2\/types\/product"}],"replies":[{"embeddable":true,"href":"https:\/\/islandbcn.com\/es\/wp-json\/wp\/v2\/comments?post=31324"}],"version-history":[{"count":0,"href":"https:\/\/islandbcn.com\/es\/wp-json\/wp\/v2\/product\/31324\/revisions"}],"wp:featuredmedia":[{"embeddable":true,"href":"https:\/\/islandbcn.com\/es\/wp-json\/wp\/v2\/media\/30753"}],"wp:attachment":[{"href":"https:\/\/islandbcn.com\/es\/wp-json\/wp\/v2\/media?parent=31324"}],"wp:term":[{"taxonomy":"product_brand","embeddable":true,"href":"https:\/\/islandbcn.com\/es\/wp-json\/wp\/v2\/product_brand?post=31324"},{"taxonomy":"product_cat","embeddable":true,"href":"https:\/\/islandbcn.com\/es\/wp-json\/wp\/v2\/product_cat?post=31324"},{"taxonomy":"product_tag","embeddable":true,"href":"https:\/\/islandbcn.com\/es\/wp-json\/wp\/v2\/product_tag?post=31324"}],"curies":[{"name":"wp","href":"https:\/\/api.w.org\/{rel}","templated":true}]}}