{"id":31325,"date":"2025-06-19T17:40:33","date_gmt":"2025-06-19T15:40:33","guid":{"rendered":"https:\/\/islandbcn.com\/product\/%e9%aa%91%e5%a3%ab%e5%9b%a2%e4%b9%9d%e7%99%be%e5%b9%b4-%e7%b2%be%e8%a3%85\/"},"modified":"2025-06-19T17:40:33","modified_gmt":"2025-06-19T15:40:33","slug":"%e9%aa%91%e5%a3%ab%e5%9b%a2%e4%b9%9d%e7%99%be%e5%b9%b4-%e7%b2%be%e8%a3%85","status":"publish","type":"product","link":"https:\/\/islandbcn.com\/es\/producto\/%e9%aa%91%e5%a3%ab%e5%9b%a2%e4%b9%9d%e7%99%be%e5%b9%b4-%e7%b2%be%e8%a3%85\/","title":{"rendered":"Caballeros de la Orden: Novecientos a\u00f1os"},"content":{"rendered":"","protected":false},"excerpt":{"rendered":"<p>Este libro es la primera historia general de los Caballeros Templarios desde el siglo XVIII, y muestra el largo proceso desde su creaci\u00f3n en el siglo XII hasta su transformaci\u00f3n en la \u00e9poca moderna. Muestra el auge de los Caballeros Hospitalarios y los Caballeros Templarios en Tierra Santa, la llegada de los Caballeros Teut\u00f3nicos de Tierra Santa a la regi\u00f3n del B\u00e1ltico y la apertura de Prusia, la participaci\u00f3n de las principales \u00f3rdenes de caballer\u00eda espa\u00f1olas en el movimiento de reconquista, la desintegraci\u00f3n de los Caballeros Templarios, la retirada de los Caballeros Hospitalarios a Rodas y Malta, la dif\u00edcil situaci\u00f3n y la transformaci\u00f3n de las \u00f3rdenes de caballer\u00eda modernas, y las organizaciones de los Caballeros de San Juan en diversas partes de Europa y Estados Unidos en la \u00e9poca moderna.<\/p>","protected":false},"featured_media":30754,"comment_status":"open","ping_status":"closed","template":"","meta":[],"product_brand":[],"product_cat":[92],"product_tag":[],"class_list":{"0":"post-31325","1":"product","2":"type-product","3":"status-publish","4":"has-post-thumbnail","6":"product_cat-92","8":"first","9":"instock","10":"taxable","11":"shipping-taxable","12":"purchasable","13":"product-type-simple"},"_links":{"self":[{"href":"https:\/\/islandbcn.com\/es\/wp-json\/wp\/v2\/product\/31325","targetHints":{"allow":["GET"]}}],"collection":[{"href":"https:\/\/islandbcn.com\/es\/wp-json\/wp\/v2\/product"}],"about":[{"href":"https:\/\/islandbcn.com\/es\/wp-json\/wp\/v2\/types\/product"}],"replies":[{"embeddable":true,"href":"https:\/\/islandbcn.com\/es\/wp-json\/wp\/v2\/comments?post=31325"}],"version-history":[{"count":0,"href":"https:\/\/islandbcn.com\/es\/wp-json\/wp\/v2\/product\/31325\/revisions"}],"wp:featuredmedia":[{"embeddable":true,"href":"https:\/\/islandbcn.com\/es\/wp-json\/wp\/v2\/media\/30754"}],"wp:attachment":[{"href":"https:\/\/islandbcn.com\/es\/wp-json\/wp\/v2\/media?parent=31325"}],"wp:term":[{"taxonomy":"product_brand","embeddable":true,"href":"https:\/\/islandbcn.com\/es\/wp-json\/wp\/v2\/product_brand?post=31325"},{"taxonomy":"product_cat","embeddable":true,"href":"https:\/\/islandbcn.com\/es\/wp-json\/wp\/v2\/product_cat?post=31325"},{"taxonomy":"product_tag","embeddable":true,"href":"https:\/\/islandbcn.com\/es\/wp-json\/wp\/v2\/product_tag?post=31325"}],"curies":[{"name":"wp","href":"https:\/\/api.w.org\/{rel}","templated":true}]}}