{"id":31338,"date":"2025-06-19T17:40:35","date_gmt":"2025-06-19T15:40:35","guid":{"rendered":"https:\/\/islandbcn.com\/product\/%e7%be%8e%e9%a3%9f%e4%b8%8e%e6%96%87%e6%98%8e-%e4%b8%93%e8%91%97-%e5%b8%9d%e5%9b%bd%e5%a1%91%e9%80%a0%e7%83%b9%e9%a5%aa%e4%b9%a0%e4%bf%97%e7%9a%84%e5%85%a8%e7%90%83%e5%8f%b2-%e7%b2%be%e8%a3%85\/"},"modified":"2025-06-19T17:40:35","modified_gmt":"2025-06-19T15:40:35","slug":"%e7%be%8e%e9%a3%9f%e4%b8%8e%e6%96%87%e6%98%8e-%e4%b8%93%e8%91%97-%e5%b8%9d%e5%9b%bd%e5%a1%91%e9%80%a0%e7%83%b9%e9%a5%aa%e4%b9%a0%e4%bf%97%e7%9a%84%e5%85%a8%e7%90%83%e5%8f%b2-%e7%b2%be%e8%a3%85","status":"publish","type":"product","link":"https:\/\/islandbcn.com\/es\/producto\/%e7%be%8e%e9%a3%9f%e4%b8%8e%e6%96%87%e6%98%8e-%e4%b8%93%e8%91%97-%e5%b8%9d%e5%9b%bd%e5%a1%91%e9%80%a0%e7%83%b9%e9%a5%aa%e4%b9%a0%e4%bf%97%e7%9a%84%e5%85%a8%e7%90%83%e5%8f%b2-%e7%b2%be%e8%a3%85\/","title":{"rendered":"Comida y civilizaci\u00f3n: una historia global de c\u00f3mo los imperios moldearon las costumbres culinarias"},"content":{"rendered":"","protected":false},"excerpt":{"rendered":"<p>El autor narra la historia del auge y la ca\u00edda de las principales dietas del mundo. A trav\u00e9s del aparente caos de m\u00faltiples dietas, revela las sencillas leyes que subyacen a la genealog\u00eda culinaria, mostrando c\u00f3mo los cambios c\u00edclicos en la filosof\u00eda culinaria, en cuanto a la salud, la econom\u00eda, la pol\u00edtica, la sociedad y la creencia en dioses, impulsaron el establecimiento de nuevas dietas, algunas de las cuales se seleccionaron como dietas imperiales y gradualmente se convirtieron en dominantes en todo el mundo. El autor tambi\u00e9n explica c\u00f3mo comerciantes, misioneros y ej\u00e9rcitos llevaron las dietas a trav\u00e9s de monta\u00f1as, oc\u00e9anos, desiertos y fronteras pol\u00edticas. La narrativa innovadora de este libro trata la cocina como una creaci\u00f3n humana, como el lenguaje, la vestimenta o la arquitectura. Al enfatizar c\u00f3mo la cocina convierte los productos agr\u00edcolas en alimentos y tomando el mundo en lugar de un pa\u00eds espec\u00edfico como escenario, desaf\u00eda los mitos agrarios y rom\u00e1nticos que sustentan los movimientos alimentarios contempor\u00e1neos.<\/p>","protected":false},"featured_media":30767,"comment_status":"open","ping_status":"closed","template":"","meta":[],"product_brand":[],"product_cat":[92],"product_tag":[],"class_list":{"0":"post-31338","1":"product","2":"type-product","3":"status-publish","4":"has-post-thumbnail","6":"product_cat-92","8":"first","9":"instock","10":"taxable","11":"shipping-taxable","12":"purchasable","13":"product-type-simple"},"_links":{"self":[{"href":"https:\/\/islandbcn.com\/es\/wp-json\/wp\/v2\/product\/31338","targetHints":{"allow":["GET"]}}],"collection":[{"href":"https:\/\/islandbcn.com\/es\/wp-json\/wp\/v2\/product"}],"about":[{"href":"https:\/\/islandbcn.com\/es\/wp-json\/wp\/v2\/types\/product"}],"replies":[{"embeddable":true,"href":"https:\/\/islandbcn.com\/es\/wp-json\/wp\/v2\/comments?post=31338"}],"version-history":[{"count":0,"href":"https:\/\/islandbcn.com\/es\/wp-json\/wp\/v2\/product\/31338\/revisions"}],"wp:featuredmedia":[{"embeddable":true,"href":"https:\/\/islandbcn.com\/es\/wp-json\/wp\/v2\/media\/30767"}],"wp:attachment":[{"href":"https:\/\/islandbcn.com\/es\/wp-json\/wp\/v2\/media?parent=31338"}],"wp:term":[{"taxonomy":"product_brand","embeddable":true,"href":"https:\/\/islandbcn.com\/es\/wp-json\/wp\/v2\/product_brand?post=31338"},{"taxonomy":"product_cat","embeddable":true,"href":"https:\/\/islandbcn.com\/es\/wp-json\/wp\/v2\/product_cat?post=31338"},{"taxonomy":"product_tag","embeddable":true,"href":"https:\/\/islandbcn.com\/es\/wp-json\/wp\/v2\/product_tag?post=31338"}],"curies":[{"name":"wp","href":"https:\/\/api.w.org\/{rel}","templated":true}]}}